{"id":26181,"date":"2023-01-12T09:45:34","date_gmt":"2023-01-12T01:45:34","guid":{"rendered":"https:\/\/www.xiangxiangdaily.com\/tinh-ben-vung\/"},"modified":"2026-04-28T18:03:32","modified_gmt":"2026-04-28T10:03:32","slug":"tinh-ben-vung","status":"publish","type":"page","link":"https:\/\/www.xiangxiangdaily.com\/vi\/tinh-ben-vung\/","title":{"rendered":"T\u00ednh b\u1ec1n v\u1eefng"},"content":{"rendered":"\t\t<div data-elementor-type=\"wp-page\" data-elementor-id=\"26181\" class=\"elementor elementor-26181 elementor-3346\" data-elementor-post-type=\"page\">\n\t\t\t\t<div class=\"elementor-element elementor-element-5a9ebaf9 e-flex e-con-boxed e-con e-parent\" data-id=\"5a9ebaf9\" data-element_type=\"container\" data-e-type=\"container\" data-settings=\"{&quot;background_background&quot;:&quot;classic&quot;}\">\n\t\t\t\t\t<div class=\"e-con-inner\">\n\t\t\t\t<div class=\"elementor-element elementor-element-37250078 elementor-widget elementor-widget-heading\" data-id=\"37250078\" data-element_type=\"widget\" data-e-type=\"widget\" data-widget_type=\"heading.default\">\n\t\t\t\t<div class=\"elementor-widget-container\">\n\t\t\t\t\t<h1 class=\"elementor-heading-title elementor-size-default\">Th\u1ef1c h\u00e0nh b\u1ec1n v\u1eefng<\/h1>\t\t\t\t<\/div>\n\t\t\t\t<\/div>\n\t\t\t\t<div class=\"elementor-element elementor-element-a32ad9b elementor-widget elementor-widget-text-editor\" data-id=\"a32ad9b\" data-element_type=\"widget\" data-e-type=\"widget\" data-widget_type=\"text-editor.default\">\n\t\t\t\t<div class=\"elementor-widget-container\">\n\t\t\t\t\t\t\t\t\t<p>Xiangxiangdaily \u0111\u00e3 \u0111\u1ea1t \u0111\u01b0\u1ee3c nh\u1eefng b\u01b0\u1edbc ti\u1ebfn \u0111\u00e1ng k\u1ec3 trong c\u00e1c ho\u1ea1t \u0111\u1ed9ng b\u1ec1n v\u1eefng, bao g\u1ed3m s\u1eed d\u1ee5ng t\u00e0i nguy\u00ean t\u00e1i t\u1ea1o, gi\u1ea3m ch\u1ea5t th\u1ea3i v\u00e0 th\u1ef1c hi\u1ec7n bao b\u00ec th\u00e2n thi\u1ec7n v\u1edbi m\u00f4i tr\u01b0\u1eddng.<\/p>\t\t\t\t\t\t\t\t<\/div>\n\t\t\t\t<\/div>\n\t\t\t\t<div class=\"elementor-element elementor-element-d2a575a elementor-widget elementor-widget-breadcrumbs\" data-id=\"d2a575a\" data-element_type=\"widget\" data-e-type=\"widget\" data-widget_type=\"breadcrumbs.default\">\n\t\t\t\t<div class=\"elementor-widget-container\">\n\t\t\t\t\t<nav><span class=\"last\">Trang ch\u1ee7<\/span><\/nav>\t\t\t\t<\/div>\n\t\t\t\t<\/div>\n\t\t\t\t\t<\/div>\n\t\t\t\t<\/div>\n\t\t<div class=\"elementor-element elementor-element-49343c3 e-flex e-con-boxed e-con e-parent\" data-id=\"49343c3\" data-element_type=\"container\" data-e-type=\"container\">\n\t\t\t\t\t<div class=\"e-con-inner\">\n\t\t<div class=\"elementor-element elementor-element-585c8ed e-flex e-con-boxed e-con e-child\" data-id=\"585c8ed\" data-element_type=\"container\" data-e-type=\"container\">\n\t\t\t\t\t<div class=\"e-con-inner\">\n\t\t\t\t<div class=\"elementor-element elementor-element-5417e78 elementor-widget elementor-widget-heading\" data-id=\"5417e78\" data-element_type=\"widget\" data-e-type=\"widget\" data-widget_type=\"heading.default\">\n\t\t\t\t<div class=\"elementor-widget-container\">\n\t\t\t\t\t<h2 class=\"elementor-heading-title elementor-size-default\">D\u1eabn \u0111\u1ea7u con \u0111\u01b0\u1eddng h\u01b0\u1edbng t\u1edbi n\u1ec1n kinh t\u1ebf xanh h\u01a1n<\/h2>\t\t\t\t<\/div>\n\t\t\t\t<\/div>\n\t\t\t\t<div class=\"elementor-element elementor-element-8f6b97d elementor-widget elementor-widget-text-editor\" data-id=\"8f6b97d\" data-element_type=\"widget\" data-e-type=\"widget\" data-widget_type=\"text-editor.default\">\n\t\t\t\t<div class=\"elementor-widget-container\">\n\t\t\t\t\t\t\t\t\t<p>L\u00e0 nh\u00e0<span style=\"text-decoration: underline; color: #333399;\"><a style=\"color: #333399; text-decoration: underline;\" href=\"https:\/\/www.xiangxiangdaily.com\/vi\/\"><span style=\"color: #00ccff; text-decoration: underline;\"> s\u1ea3n xu\u1ea5t ch\u0103m s\u00f3c c\u00e1 nh\u00e2n<\/span><\/a><\/span>, ch\u00fang t\u00f4i \u01b0u ti\u00ean t\u00ednh b\u1ec1n v\u1eefng b\u1eb1ng c\u00e1ch s\u1eed d\u1ee5ng c\u00e1c th\u00e0nh ph\u1ea7n t\u00e1i t\u1ea1o, th\u1ef1c hi\u1ec7n c\u00e1c quy tr\u00ecnh th\u00e2n thi\u1ec7n v\u1edbi m\u00f4i tr\u01b0\u1eddng v\u00e0 s\u1eed d\u1ee5ng c\u00e1c gi\u1ea3i ph\u00e1p \u0111\u00f3ng g\u00f3i c\u00f3 th\u1ec3 t\u00e1i ch\u1ebf. Cam k\u1ebft c\u1ee7a ch\u00fang t\u00f4i v\u1ec1 tr\u00e1ch nhi\u1ec7m v\u1edbi m\u00f4i tr\u01b0\u1eddng th\u00fac \u0111\u1ea9y ch\u00fang t\u00f4i gi\u1ea3m thi\u1ec3u ch\u1ea5t th\u1ea3i v\u00e0 \u0111\u00f3ng g\u00f3p v\u00e0o m\u1ed9t t\u01b0\u01a1ng lai xanh h\u01a1n cho ng\u00e0nh m\u1ef9 ph\u1ea9m. <\/p>\t\t\t\t\t\t\t\t<\/div>\n\t\t\t\t<\/div>\n\t\t\t\t<div class=\"elementor-element elementor-element-048bb5a elementor-mobile-align-center elementor-widget elementor-widget-button\" data-id=\"048bb5a\" data-element_type=\"widget\" data-e-type=\"widget\" data-widget_type=\"button.default\">\n\t\t\t\t<div class=\"elementor-widget-container\">\n\t\t\t\t\t\t\t\t\t<div class=\"elementor-button-wrapper\">\n\t\t\t\t\t<a class=\"elementor-button elementor-button-link elementor-size-md\" href=\"https:\/\/www.xiangxiangdaily.com\/vi\/nha-may-cua-chung-toi\/\">\n\t\t\t\t\t\t<span class=\"elementor-button-content-wrapper\">\n\t\t\t\t\t\t<span class=\"elementor-button-icon\">\n\t\t\t\t<i aria-hidden=\"true\" class=\"fas fa-arrow-right\"><\/i>\t\t\t<\/span>\n\t\t\t\t\t\t\t\t\t<span class=\"elementor-button-text\">Xem Nh\u00e0 m\u00e1y c\u1ee7a ch\u00fang t\u00f4i<\/span>\n\t\t\t\t\t<\/span>\n\t\t\t\t\t<\/a>\n\t\t\t\t<\/div>\n\t\t\t\t\t\t\t\t<\/div>\n\t\t\t\t<\/div>\n\t\t\t\t<div class=\"elementor-element elementor-element-f9707c0 elementor-skin-carousel elementor-widget elementor-widget-media-carousel\" data-id=\"f9707c0\" data-element_type=\"widget\" data-e-type=\"widget\" data-settings=\"{&quot;slides_per_view&quot;:&quot;3&quot;,&quot;slides_per_view_tablet&quot;:&quot;3&quot;,&quot;slides_per_view_mobile&quot;:&quot;2&quot;,&quot;slides_to_scroll_tablet&quot;:&quot;1&quot;,&quot;skin&quot;:&quot;carousel&quot;,&quot;effect&quot;:&quot;slide&quot;,&quot;speed&quot;:500,&quot;autoplay&quot;:&quot;yes&quot;,&quot;autoplay_speed&quot;:5000,&quot;loop&quot;:&quot;yes&quot;,&quot;pause_on_hover&quot;:&quot;yes&quot;,&quot;pause_on_interaction&quot;:&quot;yes&quot;,&quot;space_between&quot;:{&quot;unit&quot;:&quot;px&quot;,&quot;size&quot;:10,&quot;sizes&quot;:[]},&quot;space_between_laptop&quot;:{&quot;unit&quot;:&quot;px&quot;,&quot;size&quot;:10,&quot;sizes&quot;:[]},&quot;space_between_tablet&quot;:{&quot;unit&quot;:&quot;px&quot;,&quot;size&quot;:10,&quot;sizes&quot;:[]},&quot;space_between_mobile&quot;:{&quot;unit&quot;:&quot;px&quot;,&quot;size&quot;:10,&quot;sizes&quot;:[]}}\" data-widget_type=\"media-carousel.default\">\n\t\t\t\t<div class=\"elementor-widget-container\">\n\t\t\t\t\t\t\t\t\t<div class=\"elementor-swiper\">\r\n\t\t\t\t\t<div class=\"elementor-main-swiper swiper\" role=\"region\" aria-roledescription=\"carousel\" aria-label=\"Slides\">\r\n\t\t\t\t<div class=\"swiper-wrapper\">\r\n\t\t\t\t\t\t\t\t\t\t\t<div class=\"swiper-slide\" role=\"group\" aria-roledescription=\"slide\">\r\n\t\t\t\t\t\t\t\t\t<div class=\"elementor-carousel-image\" role=\"img\" aria-label=\"Th\u00e2n thi\u1ec7n v\u1edbi m\u00f4i tr\u01b0\u1eddng(0)\" style=\"background-image: url(&#039;https:\/\/www.xiangxiangdaily.com\/wp-content\/uploads\/2023\/12\/Eco-Friendly0.webp&#039;)\">\r\n\r\n\t\t\t\r\n\t\t\t\t\t<\/div>\r\n\t\t\t\t\t\t\t\t<\/div>\r\n\t\t\t\t\t\t\t\t\t\t\t<div class=\"swiper-slide\" role=\"group\" aria-roledescription=\"slide\">\r\n\t\t\t\t\t\t\t\t\t<div class=\"elementor-carousel-image\" role=\"img\" aria-label=\"Thu\u1ea7n chay(1)\" style=\"background-image: url(&#039;https:\/\/www.xiangxiangdaily.com\/wp-content\/uploads\/2023\/12\/vegan1.webp&#039;)\">\r\n\r\n\t\t\t\r\n\t\t\t\t\t<\/div>\r\n\t\t\t\t\t\t\t\t<\/div>\r\n\t\t\t\t\t\t\t\t\t\t\t<div class=\"swiper-slide\" role=\"group\" aria-roledescription=\"slide\">\r\n\t\t\t\t\t\t\t\t\t<div class=\"elementor-carousel-image\" role=\"img\" aria-label=\"PETA kh\u00f4ng \u0111\u1ed9c \u00e1c(2)\" style=\"background-image: url(&#039;https:\/\/www.xiangxiangdaily.com\/wp-content\/uploads\/2023\/12\/PETA-cruelty-free2.webp&#039;)\">\r\n\r\n\t\t\t\r\n\t\t\t\t\t<\/div>\r\n\t\t\t\t\t\t\t\t<\/div>\r\n\t\t\t\t\t\t\t\t\t<\/div>\r\n\t\t\t\t\t\t\t\t\t\t\t\t\t\t\t\t\t\t\t\t\t<\/div>\r\n\t\t\t\t<\/div>\r\n\t\t\t\t\t\t\t\t<\/div>\n\t\t\t\t<\/div>\n\t\t\t\t\t<\/div>\n\t\t\t\t<\/div>\n\t\t<div class=\"elementor-element elementor-element-f02c2dc e-flex e-con-boxed e-con e-child\" data-id=\"f02c2dc\" data-element_type=\"container\" data-e-type=\"container\">\n\t\t\t\t\t<div class=\"e-con-inner\">\n\t\t\t\t<div class=\"elementor-element elementor-element-2d8cbfd elementor-widget elementor-widget-image\" data-id=\"2d8cbfd\" data-element_type=\"widget\" data-e-type=\"widget\" data-widget_type=\"image.default\">\n\t\t\t\t<div class=\"elementor-widget-container\">\n\t\t\t\t\t\t\t\t\t\t\t\t\t\t\t<img fetchpriority=\"high\" decoding=\"async\" width=\"800\" height=\"575\" src=\"https:\/\/www.xiangxiangdaily.com\/wp-content\/uploads\/2023\/12\/implementing-eco-friendly-processes.webp\" class=\"attachment-large size-large wp-image-98848\" alt=\"Th\u1ef1c hi\u1ec7n c\u00e1c quy tr\u00ecnh th\u00e2n thi\u1ec7n v\u1edbi m\u00f4i tr\u01b0\u1eddng\" \/>\t\t\t\t\t\t\t\t\t\t\t\t\t\t\t<\/div>\n\t\t\t\t<\/div>\n\t\t\t\t\t<\/div>\n\t\t\t\t<\/div>\n\t\t\t\t\t<\/div>\n\t\t\t\t<\/div>\n\t\t<div class=\"elementor-element elementor-element-89871cb e-flex e-con-boxed e-con e-parent\" data-id=\"89871cb\" data-element_type=\"container\" data-e-type=\"container\">\n\t\t\t\t\t<div class=\"e-con-inner\">\n\t\t\t\t<div class=\"elementor-element elementor-element-58de14b elementor-widget elementor-widget-heading\" data-id=\"58de14b\" data-element_type=\"widget\" data-e-type=\"widget\" data-widget_type=\"heading.default\">\n\t\t\t\t<div class=\"elementor-widget-container\">\n\t\t\t\t\t<h2 class=\"elementor-heading-title elementor-size-default\">Chi\u1ebfn l\u01b0\u1ee3c \u0111\u1ec3 \u0111\u1ea1t \u0111\u01b0\u1ee3c m\u1ee5c ti\u00eau c\u1ee7a ch\u00fang t\u00f4i<\/h2>\t\t\t\t<\/div>\n\t\t\t\t<\/div>\n\t\t\t\t<div class=\"elementor-element elementor-element-03f12a4 elementor-widget elementor-widget-text-editor\" data-id=\"03f12a4\" data-element_type=\"widget\" data-e-type=\"widget\" data-widget_type=\"text-editor.default\">\n\t\t\t\t<div class=\"elementor-widget-container\">\n\t\t\t\t\t\t\t\t\t<p>Ch\u00fang t\u00f4i ch\u1ec9 s\u1eed d\u1ee5ng nh\u1eefng th\u00e0nh ph\u1ea7n v\u00e0 quy tr\u00ecnh s\u1ea3n xu\u1ea5t ch\u1ea5t l\u01b0\u1ee3ng cao nh\u1ea5t \u0111\u1ec3 \u0111\u1ea3m b\u1ea3o s\u1ea3n ph\u1ea9m c\u1ee7a ch\u00fang t\u00f4i an to\u00e0n v\u00e0 hi\u1ec7u qu\u1ea3.<\/p>\t\t\t\t\t\t\t\t<\/div>\n\t\t\t\t<\/div>\n\t\t<div class=\"elementor-element elementor-element-fa9f285 e-flex e-con-boxed e-con e-child\" data-id=\"fa9f285\" data-element_type=\"container\" data-e-type=\"container\">\n\t\t\t\t\t<div class=\"e-con-inner\">\n\t\t<a class=\"elementor-element elementor-element-38fcdfc e-flex e-con-boxed e-con e-child\" data-id=\"38fcdfc\" data-element_type=\"container\" data-e-type=\"container\" data-settings=\"{&quot;background_background&quot;:&quot;classic&quot;}\" href=\"https:\/\/www.tiktok.com\/@xiangxiangdaily\" target=\"_blank\" rel=\"noopener\">\n\t\t\t\t\t<div class=\"e-con-inner\">\n\t\t\t\t<div class=\"elementor-element elementor-element-f2988f2 elementor-widget elementor-widget-image\" data-id=\"f2988f2\" data-element_type=\"widget\" data-e-type=\"widget\" data-widget_type=\"image.default\">\n\t\t\t\t<div class=\"elementor-widget-container\">\n\t\t\t\t\t\t\t\t\t\t\t\t\t\t\t<img decoding=\"async\" width=\"800\" height=\"533\" src=\"https:\/\/www.xiangxiangdaily.com\/wp-content\/uploads\/2023\/12\/eco-friendly-ingredients-in-our-cosmetics-formulations.webp\" class=\"attachment-large size-large wp-image-26183\" alt=\"Th\u00e0nh ph\u1ea7n th\u00e2n thi\u1ec7n v\u1edbi m\u00f4i tr\u01b0\u1eddng trong c\u00f4ng th\u1ee9c m\u1ef9 ph\u1ea9m c\u1ee7a ch\u00fang t\u00f4i\" srcset=\"https:\/\/www.xiangxiangdaily.com\/wp-content\/uploads\/2023\/12\/eco-friendly-ingredients-in-our-cosmetics-formulations.webp 800w, https:\/\/www.xiangxiangdaily.com\/wp-content\/uploads\/2023\/12\/eco-friendly-ingredients-in-our-cosmetics-formulations-600x400.webp 600w, https:\/\/www.xiangxiangdaily.com\/wp-content\/uploads\/2023\/12\/eco-friendly-ingredients-in-our-cosmetics-formulations-300x200.webp 300w, https:\/\/www.xiangxiangdaily.com\/wp-content\/uploads\/2023\/12\/eco-friendly-ingredients-in-our-cosmetics-formulations-768x512.webp 768w\" sizes=\"(max-width: 800px) 100vw, 800px\" \/>\t\t\t\t\t\t\t\t\t\t\t\t\t\t\t<\/div>\n\t\t\t\t<\/div>\n\t\t\t\t\t<\/div>\n\t\t\t\t<\/a>\n\t\t<div class=\"elementor-element elementor-element-1de9a5a e-flex e-con-boxed e-con e-child\" data-id=\"1de9a5a\" data-element_type=\"container\" data-e-type=\"container\">\n\t\t\t\t\t<div class=\"e-con-inner\">\n\t\t\t\t<div class=\"elementor-element elementor-element-95ca96c elementor-widget elementor-widget-heading\" data-id=\"95ca96c\" data-element_type=\"widget\" data-e-type=\"widget\" data-widget_type=\"heading.default\">\n\t\t\t\t<div class=\"elementor-widget-container\">\n\t\t\t\t\t<h3 class=\"elementor-heading-title elementor-size-default\">V\u1ebb \u0111\u1eb9p k\u1ebft h\u1ee3p v\u1edbi t\u00ednh b\u1ec1n v\u1eefng<\/h3>\t\t\t\t<\/div>\n\t\t\t\t<\/div>\n\t\t\t\t<div class=\"elementor-element elementor-element-1445beb elementor-widget elementor-widget-text-editor\" data-id=\"1445beb\" data-element_type=\"widget\" data-e-type=\"widget\" data-widget_type=\"text-editor.default\">\n\t\t\t\t<div class=\"elementor-widget-container\">\n\t\t\t\t\t\t\t\t\t<p>Xiangxiang s\u1eed d\u1ee5ng nhi\u1ec1u th\u00e0nh ph\u1ea7n th\u00e2n thi\u1ec7n v\u1edbi m\u00f4i tr\u01b0\u1eddng trong c\u00f4ng th\u1ee9c m\u1ef9 ph\u1ea9m c\u1ee7a m\u00ecnh, bao g\u1ed3m chi\u1ebft xu\u1ea5t th\u1ef1c v\u1eadt, d\u1ea7u t\u1ef1 nhi\u00ean v\u00e0 c\u00e1c ch\u1ea5t thay th\u1ebf b\u1ec1n v\u1eefng cho c\u00e1c v\u1eadt li\u1ec7u t\u1ed5ng h\u1ee3p. Ch\u00fang t\u00f4i c\u0169ng c\u1ed1 g\u1eafng gi\u1ea3m thi\u1ec3u ch\u1ea5t th\u1ea3i v\u00e0 gi\u1ea3m t\u00e1c \u0111\u1ed9ng \u0111\u1ebfn m\u00f4i tr\u01b0\u1eddng b\u1eb1ng c\u00e1ch s\u1eed d\u1ee5ng c\u00e1c v\u1eadt li\u1ec7u \u0111\u00f3ng g\u00f3i c\u00f3 th\u1ec3 t\u00e1i ch\u1ebf v\u00e0 ph\u00e2n h\u1ee7y sinh h\u1ecdc, ch\u1eb3ng h\u1ea1n nh\u01b0 th\u1ee7y tinh v\u00e0 gi\u1ea5y.<br><br>Ngo\u00e0i ra, ch\u00fang t\u00f4i li\u00ean t\u1ee5c nghi\u00ean c\u1ee9u v\u00e0 kh\u00e1m ph\u00e1 nh\u1eefng c\u00e1ch m\u1edbi \u0111\u1ec3 c\u1ea3i thi\u1ec7n c\u00e1c ho\u1ea1t \u0111\u1ed9ng ph\u00e1t tri\u1ec3n b\u1ec1n v\u1eefng, \u0111\u1ea3m b\u1ea3o r\u1eb1ng s\u1ea3n ph\u1ea9m c\u1ee7a ch\u00fang t\u00f4i kh\u00f4ng ch\u1ec9 th\u00fac \u0111\u1ea9y v\u1ebb \u0111\u1eb9p m\u00e0 c\u00f2n gi\u00fap b\u1ea3o v\u1ec7 h\u00e0nh tinh.<\/p>\t\t\t\t\t\t\t\t<\/div>\n\t\t\t\t<\/div>\n\t\t\t\t\t<\/div>\n\t\t\t\t<\/div>\n\t\t\t\t\t<\/div>\n\t\t\t\t<\/div>\n\t\t<div class=\"elementor-element elementor-element-ad53224 e-flex e-con-boxed e-con e-child\" data-id=\"ad53224\" data-element_type=\"container\" data-e-type=\"container\">\n\t\t\t\t\t<div class=\"e-con-inner\">\n\t\t<div class=\"elementor-element elementor-element-fb944c2 e-flex e-con-boxed e-con e-child\" data-id=\"fb944c2\" data-element_type=\"container\" data-e-type=\"container\">\n\t\t\t\t\t<div class=\"e-con-inner\">\n\t\t\t\t<div class=\"elementor-element elementor-element-ee18b2a elementor-widget elementor-widget-heading\" data-id=\"ee18b2a\" data-element_type=\"widget\" data-e-type=\"widget\" data-widget_type=\"heading.default\">\n\t\t\t\t<div class=\"elementor-widget-container\">\n\t\t\t\t\t<h3 class=\"elementor-heading-title elementor-size-default\">Th\u1ef1c hi\u1ec7n c\u00e1c quy tr\u00ecnh v\u00e0 thi\u1ebft b\u1ecb s\u1ea3n xu\u1ea5t th\u00e2n thi\u1ec7n v\u1edbi m\u00f4i tr\u01b0\u1eddng<\/h3>\t\t\t\t<\/div>\n\t\t\t\t<\/div>\n\t\t\t\t<div class=\"elementor-element elementor-element-9ab848b elementor-widget elementor-widget-text-editor\" data-id=\"9ab848b\" data-element_type=\"widget\" data-e-type=\"widget\" data-widget_type=\"text-editor.default\">\n\t\t\t\t<div class=\"elementor-widget-container\">\n\t\t\t\t\t\t\t\t\t<p>Xiangxiangdaily \u0111\u00e3 th\u1ef1c hi\u1ec7n nhi\u1ec1u quy tr\u00ecnh v\u00e0 thi\u1ebft b\u1ecb s\u1ea3n xu\u1ea5t th\u00e2n thi\u1ec7n v\u1edbi m\u00f4i tr\u01b0\u1eddng \u0111\u1ec3 gi\u1ea3m t\u00e1c \u0111\u1ed9ng c\u1ee7a qu\u00e1 tr\u00ecnh s\u1ea3n xu\u1ea5t c\u1ee7a ch\u00fang t\u00f4i \u0111\u1ed1i v\u1edbi m\u00f4i tr\u01b0\u1eddng. Ch\u00fang t\u00f4i \u0111\u00e3 n\u00e2ng c\u1ea5p thi\u1ebft b\u1ecb \u0111\u1ec3 gi\u1ea3m ti\u00eau th\u1ee5 n\u0103ng l\u01b0\u1ee3ng v\u00e0 l\u01b0\u1ee3ng kh\u00ed th\u1ea3i nh\u00e0 k\u00ednh. Ch\u00fang t\u00f4i c\u0169ng s\u1eed d\u1ee5ng c\u00e1c quy tr\u00ecnh v\u00e0 c\u00f4ng ngh\u1ec7 ti\u1ebft ki\u1ec7m n\u01b0\u1edbc \u0111\u1ec3 gi\u1ea3m thi\u1ec3u l\u00e3ng ph\u00ed n\u01b0\u1edbc.<br><br>Ngo\u00e0i ra, ch\u00fang t\u00f4i \u0111\u00e3 tri\u1ec3n khai ch\u01b0\u01a1ng tr\u00ecnh gi\u1ea3m thi\u1ec3u ch\u1ea5t th\u1ea3i, t\u1eadp trung v\u00e0o vi\u1ec7c gi\u1ea3m l\u01b0\u1ee3ng ch\u1ea5t th\u1ea3i ph\u00e1t sinh trong qu\u00e1 tr\u00ecnh s\u1ea3n xu\u1ea5t. Ch\u00fang t\u00f4i \u0111\u00e3 x\u00e2y d\u1ef1ng c\u00e1c c\u01a1 s\u1edf t\u00e1i ch\u1ebf \u0111\u1ec3 x\u1eed l\u00fd c\u00e1c v\u1eadt li\u1ec7u nh\u01b0 nh\u1ef1a, gi\u1ea5y v\u00e0 kim lo\u1ea1i.  <\/p>\t\t\t\t\t\t\t\t<\/div>\n\t\t\t\t<\/div>\n\t\t\t\t\t<\/div>\n\t\t\t\t<\/div>\n\t\t<div class=\"elementor-element elementor-element-4490ce4 e-flex e-con-boxed e-con e-child\" data-id=\"4490ce4\" data-element_type=\"container\" data-e-type=\"container\" data-settings=\"{&quot;background_background&quot;:&quot;classic&quot;}\">\n\t\t\t\t\t<div class=\"e-con-inner\">\n\t\t\t\t<div class=\"elementor-element elementor-element-8531890 elementor-widget elementor-widget-image\" data-id=\"8531890\" data-element_type=\"widget\" data-e-type=\"widget\" data-widget_type=\"image.default\">\n\t\t\t\t<div class=\"elementor-widget-container\">\n\t\t\t\t\t\t\t\t\t\t\t\t\t\t\t<img decoding=\"async\" width=\"800\" height=\"533\" src=\"https:\/\/www.xiangxiangdaily.com\/wp-content\/uploads\/2023\/12\/eco-friendly-production-processes-and-equipment.webp\" class=\"attachment-large size-large wp-image-98816\" alt=\"Quy tr\u00ecnh v\u00e0 thi\u1ebft b\u1ecb s\u1ea3n xu\u1ea5t th\u00e2n thi\u1ec7n v\u1edbi m\u00f4i tr\u01b0\u1eddng\" \/>\t\t\t\t\t\t\t\t\t\t\t\t\t\t\t<\/div>\n\t\t\t\t<\/div>\n\t\t\t\t\t<\/div>\n\t\t\t\t<\/div>\n\t\t\t\t\t<\/div>\n\t\t\t\t<\/div>\n\t\t\t\t\t<\/div>\n\t\t\t\t<\/div>\n\t\t\t\t<\/div>\n\t\t","protected":false},"excerpt":{"rendered":"<p>Th\u1ef1c h\u00e0nh b\u1ec1n v\u1eefng Xiangxiangdaily \u0111\u00e3 \u0111\u1ea1t \u0111\u01b0\u1ee3c nh\u1eefng b\u01b0\u1edbc ti\u1ebfn \u0111\u00e1ng k\u1ec3 trong c\u00e1c ho\u1ea1t \u0111\u1ed9ng b\u1ec1n v\u1eefng, bao g\u1ed3m s\u1eed d\u1ee5ng t\u00e0i nguy\u00ean t\u00e1i t\u1ea1o, gi\u1ea3m ch\u1ea5t th\u1ea3i v\u00e0 th\u1ef1c hi\u1ec7n bao b\u00ec th\u00e2n thi\u1ec7n v\u1edbi m\u00f4i tr\u01b0\u1eddng. Home D\u1eabn \u0111\u1ea7u con \u0111\u01b0\u1eddng h\u01b0\u1edbng t\u1edbi n\u1ec1n kinh t\u1ebf xanh h\u01a1n L\u00e0 nh\u00e0 s\u1ea3n [&hellip;]<\/p>\n","protected":false},"author":1,"featured_media":26183,"parent":0,"menu_order":0,"comment_status":"closed","ping_status":"closed","template":"","meta":{"_acf_changed":false,"footnotes":""},"class_list":["post-26181","page","type-page","status-publish","has-post-thumbnail","hentry"],"acf":[],"_links":{"self":[{"href":"https:\/\/www.xiangxiangdaily.com\/vi\/wp-json\/wp\/v2\/pages\/26181","targetHints":{"allow":["GET"]}}],"collection":[{"href":"https:\/\/www.xiangxiangdaily.com\/vi\/wp-json\/wp\/v2\/pages"}],"about":[{"href":"https:\/\/www.xiangxiangdaily.com\/vi\/wp-json\/wp\/v2\/types\/page"}],"author":[{"embeddable":true,"href":"https:\/\/www.xiangxiangdaily.com\/vi\/wp-json\/wp\/v2\/users\/1"}],"replies":[{"embeddable":true,"href":"https:\/\/www.xiangxiangdaily.com\/vi\/wp-json\/wp\/v2\/comments?post=26181"}],"version-history":[{"count":2,"href":"https:\/\/www.xiangxiangdaily.com\/vi\/wp-json\/wp\/v2\/pages\/26181\/revisions"}],"predecessor-version":[{"id":101366,"href":"https:\/\/www.xiangxiangdaily.com\/vi\/wp-json\/wp\/v2\/pages\/26181\/revisions\/101366"}],"wp:featuredmedia":[{"embeddable":true,"href":"https:\/\/www.xiangxiangdaily.com\/vi\/wp-json\/wp\/v2\/media\/26183"}],"wp:attachment":[{"href":"https:\/\/www.xiangxiangdaily.com\/vi\/wp-json\/wp\/v2\/media?parent=26181"}],"curies":[{"name":"wp","href":"https:\/\/api.w.org\/{rel}","templated":true}]}}