{"id":26187,"date":"2022-12-03T09:13:09","date_gmt":"2022-12-03T01:13:09","guid":{"rendered":"https:\/\/www.xiangxiangdaily.com\/cau-chuyen-cua-chung-toi\/"},"modified":"2026-03-17T14:39:43","modified_gmt":"2026-03-17T06:39:43","slug":"cau-chuyen-cua-chung-toi","status":"publish","type":"page","link":"https:\/\/www.xiangxiangdaily.com\/vi\/cau-chuyen-cua-chung-toi\/","title":{"rendered":"C\u00e2u chuy\u1ec7n c\u1ee7a ch\u00fang t\u00f4i"},"content":{"rendered":"\t\t<div data-elementor-type=\"wp-page\" data-elementor-id=\"26187\" class=\"elementor elementor-26187 elementor-1697\" data-elementor-post-type=\"page\">\n\t\t\t\t<div class=\"elementor-element elementor-element-51a38b43 e-flex e-con-boxed e-con e-parent\" data-id=\"51a38b43\" data-element_type=\"container\" data-e-type=\"container\" data-settings=\"{&quot;background_background&quot;:&quot;classic&quot;}\">\n\t\t\t\t\t<div class=\"e-con-inner\">\n\t\t\t\t<div class=\"elementor-element elementor-element-2d650346 elementor-widget elementor-widget-heading\" data-id=\"2d650346\" data-element_type=\"widget\" data-e-type=\"widget\" data-widget_type=\"heading.default\">\n\t\t\t\t<div class=\"elementor-widget-container\">\n\t\t\t\t\t<h1 class=\"elementor-heading-title elementor-size-default\">Nh\u1eefng c\u1ed9t m\u1ed1c n\u0103m 2004 c\u1ee7a Xiangxiangers<\/h1>\t\t\t\t<\/div>\n\t\t\t\t<\/div>\n\t\t\t\t<div class=\"elementor-element elementor-element-677cadea elementor-widget elementor-widget-heading\" data-id=\"677cadea\" data-element_type=\"widget\" data-e-type=\"widget\" data-widget_type=\"heading.default\">\n\t\t\t\t<div class=\"elementor-widget-container\">\n\t\t\t\t\t<p class=\"elementor-heading-title elementor-size-default\">Xiangxiang \u0111\u00e3 m\u1edf r\u1ed9ng ph\u1ea1m vi ho\u1ea1t \u0111\u1ed9ng c\u1ee7a m\u00ecnh t\u1edbi 30 khu v\u1ef1c v\u00e0 qu\u1ed1c gia v\u00e0 \u0111\u00e3 tham gia v\u00e0o ng\u00e0nh ch\u0103m s\u00f3c c\u00e1 nh\u00e2n trong h\u01a1n 18 n\u0103m.<\/p>\t\t\t\t<\/div>\n\t\t\t\t<\/div>\n\t\t\t\t<div class=\"elementor-element elementor-element-c8f9a43 elementor-widget elementor-widget-breadcrumbs\" data-id=\"c8f9a43\" data-element_type=\"widget\" data-e-type=\"widget\" data-widget_type=\"breadcrumbs.default\">\n\t\t\t\t<div class=\"elementor-widget-container\">\n\t\t\t\t\t<nav aria-label=\"breadcrumbs\" class=\"rank-math-breadcrumb\"><p><span class=\"last\">Trang ch\u1ee7<\/span><\/p><\/nav>\t\t\t\t<\/div>\n\t\t\t\t<\/div>\n\t\t\t\t\t<\/div>\n\t\t\t\t<\/div>\n\t\t<div class=\"elementor-element elementor-element-362bfcf e-flex e-con-boxed e-con e-parent\" data-id=\"362bfcf\" data-element_type=\"container\" data-e-type=\"container\">\n\t\t\t\t\t<div class=\"e-con-inner\">\n\t\t<div class=\"elementor-element elementor-element-9230ac7 e-flex e-con-boxed e-con e-child\" data-id=\"9230ac7\" data-element_type=\"container\" data-e-type=\"container\">\n\t\t\t\t\t<div class=\"e-con-inner\">\n\t\t\t\t<div class=\"elementor-element elementor-element-f370d7f elementor-widget elementor-widget-heading\" data-id=\"f370d7f\" data-element_type=\"widget\" data-e-type=\"widget\" data-widget_type=\"heading.default\">\n\t\t\t\t<div class=\"elementor-widget-container\">\n\t\t\t\t\t<h2 class=\"elementor-heading-title elementor-size-default\">M\u1ed9t s\u1ed1 kho\u1ea3nh kh\u1eafc quan tr\u1ecdng trong qu\u00e1 tr\u00ecnh ph\u00e1t tri\u1ec3n c\u1ee7a Xiangxiang<\/h2>\t\t\t\t<\/div>\n\t\t\t\t<\/div>\n\t\t\t\t<div class=\"elementor-element elementor-element-359a13c elementor-widget-divider--view-line elementor-widget elementor-widget-divider\" data-id=\"359a13c\" data-element_type=\"widget\" data-e-type=\"widget\" data-widget_type=\"divider.default\">\n\t\t\t\t<div class=\"elementor-widget-container\">\n\t\t\t\t\t\t\t<div class=\"elementor-divider\">\n\t\t\t<span class=\"elementor-divider-separator\">\n\t\t\t\t\t\t<\/span>\n\t\t<\/div>\n\t\t\t\t\t\t<\/div>\n\t\t\t\t<\/div>\n\t\t\t\t<div class=\"elementor-element elementor-element-a2a89f4 elementor-widget elementor-widget-heading\" data-id=\"a2a89f4\" data-element_type=\"widget\" data-e-type=\"widget\" data-widget_type=\"heading.default\">\n\t\t\t\t<div class=\"elementor-widget-container\">\n\t\t\t\t\t<p class=\"elementor-heading-title elementor-size-default\">Trong h\u01a1n 18 n\u0103m qua, ch\u00fang t\u00f4i \u0111\u00e3 chuy\u1ec3n m\u00ecnh th\u00e0nh m\u1ed9t t\u1eadp \u0111o\u00e0n h\u00e0ng \u0111\u1ea7u trong l\u0129nh v\u1ef1c ch\u0103m s\u00f3c c\u00e1 nh\u00e2n th\u00f4ng qua c\u00e1c th\u01b0\u01a1ng v\u1ee5 mua l\u1ea1i chi\u1ebfn l\u01b0\u1ee3c v\u00e0 s\u1ef1 t\u0103ng tr\u01b0\u1edfng \u1ed5n \u0111\u1ecbnh. H\u00e3y c\u00f9ng t\u00ecm hi\u1ec3u nh\u1eefng th\u00e0nh t\u1ef1u n\u1ed5i b\u1eadt c\u1ee7a c\u00f4ng ty ch\u00fang t\u00f4i \u0111\u1ec3 th\u1ea5y c\u00e1ch ch\u00fang t\u00f4i lu\u00f4n \u0111\u1ea1t \u0111\u01b0\u1ee3c nh\u1eefng k\u1ebft qu\u1ea3 xu\u1ea5t s\u1eafc.<\/p>\t\t\t\t<\/div>\n\t\t\t\t<\/div>\n\t\t\t\t<div class=\"elementor-element elementor-element-68c7f61 elementor-widget elementor-widget-button\" data-id=\"68c7f61\" data-element_type=\"widget\" data-e-type=\"widget\" data-widget_type=\"button.default\">\n\t\t\t\t<div class=\"elementor-widget-container\">\n\t\t\t\t\t\t\t\t\t<div class=\"elementor-button-wrapper\">\n\t\t\t\t\t<a class=\"elementor-button elementor-button-link elementor-size-sm\" href=\"#elementor-action%3Aaction%3Dpopup%3Aopen%26settings%3DeyJpZCI6ODQ4OTMsInRvZ2dsZSI6ZmFsc2V9\">\n\t\t\t\t\t\t<span class=\"elementor-button-content-wrapper\">\n\t\t\t\t\t\t<span class=\"elementor-button-icon\">\n\t\t\t\t<i aria-hidden=\"true\" class=\"fas fa-arrow-right\"><\/i>\t\t\t<\/span>\n\t\t\t\t\t\t\t\t\t<span class=\"elementor-button-text\">B\u1eaft \u0111\u1ea7u kinh doanh c\u1ee7a b\u1ea1n<\/span>\n\t\t\t\t\t<\/span>\n\t\t\t\t\t<\/a>\n\t\t\t\t<\/div>\n\t\t\t\t\t\t\t\t<\/div>\n\t\t\t\t<\/div>\n\t\t\t\t\t<\/div>\n\t\t\t\t<\/div>\n\t\t<div class=\"elementor-element elementor-element-7b507db e-flex e-con-boxed e-con e-child\" data-id=\"7b507db\" data-element_type=\"container\" data-e-type=\"container\">\n\t\t\t\t\t<div class=\"e-con-inner\">\n\t\t\t\t<div class=\"elementor-element elementor-element-6d1b7cd elementor-widget elementor-widget-image\" data-id=\"6d1b7cd\" data-element_type=\"widget\" data-e-type=\"widget\" data-widget_type=\"image.default\">\n\t\t\t\t<div class=\"elementor-widget-container\">\n\t\t\t\t\t\t\t\t\t\t\t\t\t\t\t<img fetchpriority=\"high\" decoding=\"async\" width=\"800\" height=\"528\" src=\"https:\/\/www.xiangxiangdaily.com\/wp-content\/uploads\/2023\/12\/xiangxiang-team.webp\" class=\"attachment-large size-large wp-image-26190\" alt=\"\" srcset=\"https:\/\/www.xiangxiangdaily.com\/wp-content\/uploads\/2023\/12\/xiangxiang-team.webp 800w, https:\/\/www.xiangxiangdaily.com\/wp-content\/uploads\/2023\/12\/xiangxiang-team-600x396.webp 600w, https:\/\/www.xiangxiangdaily.com\/wp-content\/uploads\/2023\/12\/xiangxiang-team-300x198.webp 300w, https:\/\/www.xiangxiangdaily.com\/wp-content\/uploads\/2023\/12\/xiangxiang-team-768x507.webp 768w\" sizes=\"(max-width: 800px) 100vw, 800px\" \/>\t\t\t\t\t\t\t\t\t\t\t\t\t\t\t<\/div>\n\t\t\t\t<\/div>\n\t\t\t\t\t<\/div>\n\t\t\t\t<\/div>\n\t\t\t\t\t<\/div>\n\t\t\t\t<\/div>\n\t\t<div class=\"elementor-element elementor-element-fac9392 e-flex e-con-boxed e-con e-parent\" data-id=\"fac9392\" data-element_type=\"container\" data-e-type=\"container\">\n\t\t\t\t\t<div class=\"e-con-inner\">\n\t\t<div class=\"elementor-element elementor-element-778e16c e-flex e-con-boxed e-con e-child\" data-id=\"778e16c\" data-element_type=\"container\" data-e-type=\"container\">\n\t\t\t\t\t<div class=\"e-con-inner\">\n\t\t\t\t<div class=\"elementor-element elementor-element-3a85ab6 elementor-widget elementor-widget-heading\" data-id=\"3a85ab6\" data-element_type=\"widget\" data-e-type=\"widget\" data-widget_type=\"heading.default\">\n\t\t\t\t<div class=\"elementor-widget-container\">\n\t\t\t\t\t<h2 class=\"elementor-heading-title elementor-size-default\">Di s\u1ea3n m\u1ef9 ph\u1ea9m<\/h2>\t\t\t\t<\/div>\n\t\t\t\t<\/div>\n\t\t\t\t<div class=\"elementor-element elementor-element-f55d9b5 elementor-widget elementor-widget-heading\" data-id=\"f55d9b5\" data-element_type=\"widget\" data-e-type=\"widget\" data-widget_type=\"heading.default\">\n\t\t\t\t<div class=\"elementor-widget-container\">\n\t\t\t\t\t<h4 class=\"elementor-heading-title elementor-size-default\">- th\u1ebf h\u1ec7 n\u00e0y qua th\u1ebf h\u1ec7 kh\u00e1c<\/h4>\t\t\t\t<\/div>\n\t\t\t\t<\/div>\n\t\t\t\t<div class=\"elementor-element elementor-element-c83abe2 elementor-widget elementor-widget-heading\" data-id=\"c83abe2\" data-element_type=\"widget\" data-e-type=\"widget\" data-widget_type=\"heading.default\">\n\t\t\t\t<div class=\"elementor-widget-container\">\n\t\t\t\t\t<p class=\"elementor-heading-title elementor-size-default\">Th\u01b0\u1eddng ph\u1ea3i m\u1ea5t nhi\u1ec1u n\u0103m m\u1edbi c\u00f3 th\u1ec3 hi\u1ec3u h\u1ebft t\u1ea7m quan tr\u1ecdng c\u1ee7a m\u1ed9t s\u1ef1 ki\u1ec7n tr\u1ecdng \u0111\u1ea1i, ch\u1eb3ng h\u1ea1n nh\u01b0 vi\u1ec7c th\u00e0nh l\u1eadp th\u00e0nh ph\u1ed1 T\u01b0\u01a1ng H\u01b0\u01a1ng \u1edf Trung Qu\u1ed1c n\u0103m 2004. Ngay t\u1eeb nh\u1eefng ng\u00e0y \u0111\u1ea7u th\u00e0nh l\u1eadp, ch\u00fang t\u00f4i lu\u00f4n ki\u00ean \u0111\u1ecbnh v\u1edbi s\u1ef1 ch\u00fa tr\u1ecdng v\u00e0o ch\u1ea5t l\u01b0\u1ee3ng s\u1ea3n ph\u1ea9m v\u00e0 ni\u1ec1m t\u1ef1 h\u00e0o, ngay c\u1ea3 sau 18 n\u0103m ho\u1ea1t \u0111\u1ed9ng nh\u01b0 m\u1ed9t doanh nghi\u1ec7p h\u00e0ng \u0111\u1ea7u trong ng\u00e0nh m\u1ef9 ph\u1ea9m t\u1ea1i Trung Qu\u1ed1c. Ng\u00e0y nay, ch\u00fang t\u00f4i v\u1eefng m\u1ea1nh h\u01a1n bao gi\u1edd h\u1ebft v\u00e0 cam k\u1ebft duy tr\u00ec di s\u1ea3n xu\u1ea5t s\u1eafc c\u1ee7a m\u00ecnh cho c\u00e1c th\u1ebf h\u1ec7 mai sau.<\/p>\t\t\t\t<\/div>\n\t\t\t\t<\/div>\n\t\t\t\t<div class=\"elementor-element elementor-element-100cc7e elementor-widget elementor-widget-heading\" data-id=\"100cc7e\" data-element_type=\"widget\" data-e-type=\"widget\" data-widget_type=\"heading.default\">\n\t\t\t\t<div class=\"elementor-widget-container\">\n\t\t\t\t\t<p class=\"elementor-heading-title elementor-size-default\">Tinh th\u1ea7n \u0111\u1ed5i m\u1edbi trong s\u1ea3n xu\u1ea5t m\u1ef9 ph\u1ea9m v\u1eabn ti\u1ebfp t\u1ee5c ph\u00e1t tri\u1ec3n m\u1ea1nh m\u1ebd cho \u0111\u1ebfn ng\u00e0y nay, khi \u0111\u1ed9i ng\u0169 h\u01a1n 100 nh\u00e2n vi\u00ean c\u1ee7a ch\u00fang t\u00f4i h\u1ee3p t\u00e1c v\u1edbi kh\u00e1ch h\u00e0ng v\u00e0 \u0111\u1ed1i t\u00e1c \u0111\u1ec3 \u0111\u1ecbnh h\u00ecnh t\u01b0\u01a1ng lai c\u1ee7a ng\u00e0nh ch\u0103m s\u00f3c c\u00e1 nh\u00e2n. V\u1edbi \u0111\u1ed9i ng\u0169 thi\u1ebft k\u1ebf n\u1ed9i b\u1ed9, ch\u00fang t\u00f4i v\u1eabn lu\u00f4n cam k\u1ebft gi\u1eef v\u1eefng nh\u1eefng ph\u1ea9m ch\u1ea5t \u0111\u00e3 thu h\u00fat CEO Sophia c\u1ee7a ch\u00fang t\u00f4i ngay t\u1eeb \u0111\u1ea7u v\u1edbi ng\u00e0nh m\u1ef9 ph\u1ea9m: v\u1ebb \u0111\u1eb9p, t\u00ednh \u0111a d\u1ee5ng v\u00e0 ti\u1ec1m n\u0103ng v\u00f4 h\u1ea1n cho s\u1ef1 b\u1ec1n v\u1eefng.<\/p>\t\t\t\t<\/div>\n\t\t\t\t<\/div>\n\t\t\t\t\t<\/div>\n\t\t\t\t<\/div>\n\t\t<div class=\"elementor-element elementor-element-acdce22 e-flex e-con-boxed e-con e-child\" data-id=\"acdce22\" data-element_type=\"container\" data-e-type=\"container\">\n\t\t\t\t\t<div class=\"e-con-inner\">\n\t\t\t\t<div class=\"elementor-element elementor-element-b85e82c elementor-widget elementor-widget-image\" data-id=\"b85e82c\" data-element_type=\"widget\" data-e-type=\"widget\" data-widget_type=\"image.default\">\n\t\t\t\t<div class=\"elementor-widget-container\">\n\t\t\t\t\t\t\t\t\t\t\t\t\t\t\t<img decoding=\"async\" width=\"790\" height=\"616\" src=\"https:\/\/www.xiangxiangdaily.com\/wp-content\/uploads\/2023\/12\/Cosmetics-heritage.webp\" class=\"attachment-large size-large wp-image-98776\" alt=\"Cosmetics heritage\" \/>\t\t\t\t\t\t\t\t\t\t\t\t\t\t\t<\/div>\n\t\t\t\t<\/div>\n\t\t\t\t\t<\/div>\n\t\t\t\t<\/div>\n\t\t\t\t\t<\/div>\n\t\t\t\t<\/div>\n\t\t\t\t<\/div>\n\t\t","protected":false},"excerpt":{"rendered":"<p>Nh\u1eefng c\u1ed9t m\u1ed1c n\u0103m 2004 c\u1ee7a Xiangxiangers Xiangxiang \u0111\u00e3 m\u1edf r\u1ed9ng ph\u1ea1m vi ho\u1ea1t \u0111\u1ed9ng c\u1ee7a m\u00ecnh t\u1edbi 30 khu v\u1ef1c v\u00e0 qu\u1ed1c gia v\u00e0 \u0111\u00e3 tham gia v\u00e0o ng\u00e0nh ch\u0103m s\u00f3c c\u00e1 nh\u00e2n trong h\u01a1n 18 n\u0103m. Home M\u1ed9t s\u1ed1 kho\u1ea3nh kh\u1eafc quan tr\u1ecdng trong qu\u00e1 tr\u00ecnh ph\u00e1t tri\u1ec3n c\u1ee7a Xiangxiang Trong h\u01a1n 18 [&hellip;]<\/p>\n","protected":false},"author":1,"featured_media":26190,"parent":0,"menu_order":0,"comment_status":"closed","ping_status":"closed","template":"","meta":{"_acf_changed":false,"footnotes":""},"class_list":["post-26187","page","type-page","status-publish","has-post-thumbnail","hentry"],"acf":[],"_links":{"self":[{"href":"https:\/\/www.xiangxiangdaily.com\/vi\/wp-json\/wp\/v2\/pages\/26187","targetHints":{"allow":["GET"]}}],"collection":[{"href":"https:\/\/www.xiangxiangdaily.com\/vi\/wp-json\/wp\/v2\/pages"}],"about":[{"href":"https:\/\/www.xiangxiangdaily.com\/vi\/wp-json\/wp\/v2\/types\/page"}],"author":[{"embeddable":true,"href":"https:\/\/www.xiangxiangdaily.com\/vi\/wp-json\/wp\/v2\/users\/1"}],"replies":[{"embeddable":true,"href":"https:\/\/www.xiangxiangdaily.com\/vi\/wp-json\/wp\/v2\/comments?post=26187"}],"version-history":[{"count":0,"href":"https:\/\/www.xiangxiangdaily.com\/vi\/wp-json\/wp\/v2\/pages\/26187\/revisions"}],"wp:featuredmedia":[{"embeddable":true,"href":"https:\/\/www.xiangxiangdaily.com\/vi\/wp-json\/wp\/v2\/media\/26190"}],"wp:attachment":[{"href":"https:\/\/www.xiangxiangdaily.com\/vi\/wp-json\/wp\/v2\/media?parent=26187"}],"curies":[{"name":"wp","href":"https:\/\/api.w.org\/{rel}","templated":true}]}}