{"id":26193,"date":"2023-01-12T09:51:13","date_gmt":"2023-01-12T01:51:13","guid":{"rendered":"https:\/\/www.xiangxiangdaily.com\/chat-luong\/"},"modified":"2026-03-17T14:41:06","modified_gmt":"2026-03-17T06:41:06","slug":"chat-luong","status":"publish","type":"page","link":"https:\/\/www.xiangxiangdaily.com\/vi\/chat-luong\/","title":{"rendered":"Ch\u1ea5t l\u01b0\u1ee3ng"},"content":{"rendered":"\t\t<div data-elementor-type=\"wp-page\" data-elementor-id=\"26193\" class=\"elementor elementor-26193 elementor-3370\" data-elementor-post-type=\"page\">\n\t\t\t\t<div class=\"elementor-element elementor-element-1058d60 e-flex e-con-boxed e-con e-parent\" data-id=\"1058d60\" data-element_type=\"container\" data-e-type=\"container\" data-settings=\"{&quot;background_background&quot;:&quot;classic&quot;}\">\n\t\t\t\t\t<div class=\"e-con-inner\">\n\t\t\t\t<div class=\"elementor-element elementor-element-4976530b elementor-widget elementor-widget-heading\" data-id=\"4976530b\" data-element_type=\"widget\" data-e-type=\"widget\" data-widget_type=\"heading.default\">\n\t\t\t\t<div class=\"elementor-widget-container\">\n\t\t\t\t\t<h1 class=\"elementor-heading-title elementor-size-default\">Ki\u1ec3m so\u00e1t ch\u1ea5t l\u01b0\u1ee3ng<\/h1>\t\t\t\t<\/div>\n\t\t\t\t<\/div>\n\t\t\t\t<div class=\"elementor-element elementor-element-50c1500b elementor-widget elementor-widget-heading\" data-id=\"50c1500b\" data-element_type=\"widget\" data-e-type=\"widget\" data-widget_type=\"heading.default\">\n\t\t\t\t<div class=\"elementor-widget-container\">\n\t\t\t\t\t<p class=\"elementor-heading-title elementor-size-default\">\u0110\u1ea1t \u0111\u01b0\u1ee3c l\u1ee3i th\u1ebf h\u01a1n \u0111\u1ed1i th\u1ee7 c\u1ea1nh tranh b\u1eb1ng c\u00e1ch \u00e1p d\u1ee5ng c\u00e1c bi\u1ec7n ph\u00e1p qu\u1ea3n l\u00fd ch\u1ea5t l\u01b0\u1ee3ng.<\/p>\t\t\t\t<\/div>\n\t\t\t\t<\/div>\n\t\t\t\t<div class=\"elementor-element elementor-element-67403f7 elementor-widget elementor-widget-breadcrumbs\" data-id=\"67403f7\" data-element_type=\"widget\" data-e-type=\"widget\" data-widget_type=\"breadcrumbs.default\">\n\t\t\t\t<div class=\"elementor-widget-container\">\n\t\t\t\t\t<nav><span class=\"last\">Trang ch\u1ee7<\/span><\/nav>\t\t\t\t<\/div>\n\t\t\t\t<\/div>\n\t\t\t\t\t<\/div>\n\t\t\t\t<\/div>\n\t\t<div class=\"elementor-element elementor-element-f935f2e e-flex e-con-boxed e-con e-parent\" data-id=\"f935f2e\" data-element_type=\"container\" data-e-type=\"container\">\n\t\t\t\t\t<div class=\"e-con-inner\">\n\t\t<div class=\"elementor-element elementor-element-4f7ac06 e-con-full e-flex e-con e-child\" data-id=\"4f7ac06\" data-element_type=\"container\" data-e-type=\"container\">\n\t\t\t\t<div class=\"elementor-element elementor-element-690f7dc elementor-widget elementor-widget-heading\" data-id=\"690f7dc\" data-element_type=\"widget\" data-e-type=\"widget\" data-widget_type=\"heading.default\">\n\t\t\t\t<div class=\"elementor-widget-container\">\n\t\t\t\t\t<h2 class=\"elementor-heading-title elementor-size-default\">Nh\u1eefng \u0111i\u1ec3m tinh t\u1ebf c\u1ee7a v\u1ebb \u0111\u1eb9p th\u1ef1c s\u1ef1 l\u00e0m cho n\u00f3 n\u1ed5i b\u1eadt<\/h2>\t\t\t\t<\/div>\n\t\t\t\t<\/div>\n\t\t\t\t<div class=\"elementor-element elementor-element-3592340 elementor-widget-divider--view-line elementor-widget elementor-widget-divider\" data-id=\"3592340\" data-element_type=\"widget\" data-e-type=\"widget\" data-widget_type=\"divider.default\">\n\t\t\t\t<div class=\"elementor-widget-container\">\n\t\t\t\t\t\t\t<div class=\"elementor-divider\">\n\t\t\t<span class=\"elementor-divider-separator\">\n\t\t\t\t\t\t<\/span>\n\t\t<\/div>\n\t\t\t\t\t\t<\/div>\n\t\t\t\t<\/div>\n\t\t\t\t<\/div>\n\t\t<div class=\"elementor-element elementor-element-7c58979 e-con-full e-flex e-con e-child\" data-id=\"7c58979\" data-element_type=\"container\" data-e-type=\"container\">\n\t\t\t\t<div class=\"elementor-element elementor-element-c5202c8 elementor-widget elementor-widget-text-editor\" data-id=\"c5202c8\" data-element_type=\"widget\" data-e-type=\"widget\" data-widget_type=\"text-editor.default\">\n\t\t\t\t<div class=\"elementor-widget-container\">\n\t\t\t\t\t\t\t\t\t<p>T\u1ea1i Xiangxiang, ch\u00fang t\u00f4i t\u1ef1 h\u00e0o v\u1ec1 chuy\u00ean m\u00f4n <span style=\"text-decoration: underline; color: #cc99ff;\"><strong><a style=\"color: #cc99ff; text-decoration: underline;\" href=\"https:\/\/www.xiangxiangdaily.com\/manufacturing\/\">s\u1ea3n xu\u1ea5t<\/a><\/strong><\/span> c\u1ee7a m\u00ecnh, \u0111\u00f3 l\u00e0 l\u00fd do t\u1ea1i sao ch\u00fang t\u00f4i c\u00f3 m\u1ed9t b\u1ed9 ph\u1eadn ki\u1ec3m so\u00e1t ch\u1ea5t l\u01b0\u1ee3ng chuy\u00ean tr\u00e1ch \u0111\u1ec3 \u0111\u1ea3m b\u1ea3o ch\u1ea5t l\u01b0\u1ee3ng v\u01b0\u1ee3t tr\u1ed9i c\u1ee7a s\u1ea3n ph\u1ea9m. \u0110\u1ed9i ng\u0169 ki\u1ec3m so\u00e1t ch\u1ea5t l\u01b0\u1ee3ng v\u00e0 b\u1ed9 ph\u1eadn s\u1ea3n xu\u1ea5t c\u1ee7a ch\u00fang t\u00f4i ph\u1ed1i h\u1ee3p ch\u1eb7t ch\u1ebd trong m\u1ecdi giai \u0111o\u1ea1n c\u1ee7a quy tr\u00ecnh s\u1ea3n xu\u1ea5t, t\u1eeb thu th\u1eadp v\u00e0 tr\u1ed9n nguy\u00ean li\u1ec7u, \u0111\u1ebfn ki\u1ec3m tra \u0111\u1ed9 pH, chi\u1ebft r\u00f3t v\u00e0 \u0111\u00f3ng g\u00f3i. C\u00f9ng nhau, h\u1ecd \u0111\u1ea3m b\u1ea3o r\u1eb1ng s\u1ea3n ph\u1ea9m cu\u1ed1i c\u00f9ng \u0111\u00e1p \u1ee9ng c\u00e1c ti\u00eau chu\u1ea9n ch\u1ea5t l\u01b0\u1ee3ng cao c\u1ee7a ch\u00fang t\u00f4i.  <\/p>\t\t\t\t\t\t\t\t<\/div>\n\t\t\t\t<\/div>\n\t\t\t\t<\/div>\n\t\t\t\t\t<\/div>\n\t\t\t\t<\/div>\n\t\t<div class=\"elementor-element elementor-element-f5c2d6d e-flex e-con-boxed e-con e-parent\" data-id=\"f5c2d6d\" data-element_type=\"container\" data-e-type=\"container\">\n\t\t\t\t\t<div class=\"e-con-inner\">\n\t\t<div class=\"elementor-element elementor-element-127ccb0 e-flex e-con-boxed e-con e-child\" data-id=\"127ccb0\" data-element_type=\"container\" data-e-type=\"container\">\n\t\t\t\t\t<div class=\"e-con-inner\">\n\t\t<div class=\"elementor-element elementor-element-cfe27f7 e-flex e-con-boxed e-con e-child\" data-id=\"cfe27f7\" data-element_type=\"container\" data-e-type=\"container\">\n\t\t\t\t\t<div class=\"e-con-inner\">\n\t\t\t\t<div class=\"elementor-element elementor-element-95ea013 elementor-widget elementor-widget-heading\" data-id=\"95ea013\" data-element_type=\"widget\" data-e-type=\"widget\" data-widget_type=\"heading.default\">\n\t\t\t\t<div class=\"elementor-widget-container\">\n\t\t\t\t\t<h2 class=\"elementor-heading-title elementor-size-default\">M\u1ee9c \u0111\u1ed9 pH<\/h2>\t\t\t\t<\/div>\n\t\t\t\t<\/div>\n\t\t\t\t<div class=\"elementor-element elementor-element-1de0218 elementor-widget elementor-widget-heading\" data-id=\"1de0218\" data-element_type=\"widget\" data-e-type=\"widget\" data-widget_type=\"heading.default\">\n\t\t\t\t<div class=\"elementor-widget-container\">\n\t\t\t\t\t<p class=\"elementor-heading-title elementor-size-default\">\u0110\u1ed9 pH c\u1ee7a s\u1ea3n ph\u1ea9m l\u00e0 y\u1ebfu t\u1ed1 quan tr\u1ecdng \u0111\u1ec3 \u0111\u1ea3m b\u1ea3o an to\u00e0n v\u00e0 hi\u1ec7u qu\u1ea3. \u0110\u1ed9 pH c\u00f3 th\u1ec3 \u1ea3nh h\u01b0\u1edfng \u0111\u1ebfn kh\u1ea3 n\u0103ng th\u1ea9m th\u1ea5u v\u00e0o da ho\u1eb7c t\u00f3c c\u1ee7a s\u1ea3n ph\u1ea9m v\u00e0 c\u0169ng c\u00f3 th\u1ec3 g\u00e2y k\u00edch \u1ee9ng ho\u1eb7c t\u1ed5n th\u01b0\u01a1ng. Do \u0111\u00f3, \u0111\u1ed9 pH \u0111\u01b0\u1ee3c ki\u1ec3m tra \u0111\u1ec3 \u0111\u1ea3m b\u1ea3o n\u1eb1m trong ph\u1ea1m vi khuy\u1ebfn ngh\u1ecb cho t\u1eebng s\u1ea3n ph\u1ea9m c\u1ee5 th\u1ec3.  <\/p>\t\t\t\t<\/div>\n\t\t\t\t<\/div>\n\t\t\t\t\t<\/div>\n\t\t\t\t<\/div>\n\t\t<div class=\"elementor-element elementor-element-49db518 e-flex e-con-boxed e-con e-child\" data-id=\"49db518\" data-element_type=\"container\" data-e-type=\"container\">\n\t\t\t\t\t<div class=\"e-con-inner\">\n\t\t\t\t<div class=\"elementor-element elementor-element-c0fe689 elementor-widget elementor-widget-image\" data-id=\"c0fe689\" data-element_type=\"widget\" data-e-type=\"widget\" data-widget_type=\"image.default\">\n\t\t\t\t<div class=\"elementor-widget-container\">\n\t\t\t\t\t\t\t\t\t\t\t\t\t\t\t<img fetchpriority=\"high\" decoding=\"async\" width=\"800\" height=\"533\" src=\"https:\/\/www.xiangxiangdaily.com\/wp-content\/uploads\/2023\/12\/pH-level.webp\" class=\"attachment-large size-large wp-image-98984\" alt=\"pH level\" \/>\t\t\t\t\t\t\t\t\t\t\t\t\t\t\t<\/div>\n\t\t\t\t<\/div>\n\t\t\t\t\t<\/div>\n\t\t\t\t<\/div>\n\t\t\t\t\t<\/div>\n\t\t\t\t<\/div>\n\t\t<div class=\"elementor-element elementor-element-e8077db e-flex e-con-boxed e-con e-child\" data-id=\"e8077db\" data-element_type=\"container\" data-e-type=\"container\">\n\t\t\t\t\t<div class=\"e-con-inner\">\n\t\t<div class=\"elementor-element elementor-element-94df213 e-flex e-con-boxed e-con e-child\" data-id=\"94df213\" data-element_type=\"container\" data-e-type=\"container\">\n\t\t\t\t\t<div class=\"e-con-inner\">\n\t\t\t\t<div class=\"elementor-element elementor-element-6cab142 elementor-widget elementor-widget-heading\" data-id=\"6cab142\" data-element_type=\"widget\" data-e-type=\"widget\" data-widget_type=\"heading.default\">\n\t\t\t\t<div class=\"elementor-widget-container\">\n\t\t\t\t\t<h2 class=\"elementor-heading-title elementor-size-default\">\u0110\u1ed9 nh\u1edbt<\/h2>\t\t\t\t<\/div>\n\t\t\t\t<\/div>\n\t\t\t\t<div class=\"elementor-element elementor-element-3266099 elementor-widget elementor-widget-heading\" data-id=\"3266099\" data-element_type=\"widget\" data-e-type=\"widget\" data-widget_type=\"heading.default\">\n\t\t\t\t<div class=\"elementor-widget-container\">\n\t\t\t\t\t<p class=\"elementor-heading-title elementor-size-default\">\u0110\u1ed9 \u0111\u1eb7c hay \u0111\u1ed9 nh\u1edbt c\u1ee7a s\u1ea3n ph\u1ea9m l\u00e0 m\u1ed9t kh\u00eda c\u1ea1nh thi\u1ebft y\u1ebfu \u0111\u1ed1i v\u1edbi ch\u1ea5t l\u01b0\u1ee3ng t\u1ed5ng th\u1ec3 c\u1ee7a n\u00f3. \u0110\u1ed9 nh\u1edbt \u0111\u01b0\u1ee3c \u0111o \u0111\u1ec3 \u0111\u1ea3m b\u1ea3o t\u00ednh nh\u1ea5t qu\u00e1n v\u00e0 \u0111\u00e1p \u1ee9ng \u0111\u01b0\u1ee3c k\u1ebft c\u1ea5u mong mu\u1ed1n. K\u1ebft c\u1ea5u c\u1ee7a s\u1ea3n ph\u1ea9m r\u1ea5t quan tr\u1ecdng trong vi\u1ec7c \u0111\u1ea3m b\u1ea3o s\u1ea3n ph\u1ea9m d\u1ec5 d\u00e0ng thoa, ph\u00e2n ph\u1ed1i v\u00e0 s\u1eed d\u1ee5ng.  <\/p>\t\t\t\t<\/div>\n\t\t\t\t<\/div>\n\t\t\t\t\t<\/div>\n\t\t\t\t<\/div>\n\t\t<div class=\"elementor-element elementor-element-5238b21 e-flex e-con-boxed e-con e-child\" data-id=\"5238b21\" data-element_type=\"container\" data-e-type=\"container\">\n\t\t\t\t\t<div class=\"e-con-inner\">\n\t\t\t\t<div class=\"elementor-element elementor-element-6c01301 elementor-widget elementor-widget-image\" data-id=\"6c01301\" data-element_type=\"widget\" data-e-type=\"widget\" data-widget_type=\"image.default\">\n\t\t\t\t<div class=\"elementor-widget-container\">\n\t\t\t\t\t\t\t\t\t\t\t\t\t\t\t<img decoding=\"async\" width=\"800\" height=\"533\" src=\"https:\/\/www.xiangxiangdaily.com\/wp-content\/uploads\/2023\/12\/Viscosity.webp\" class=\"attachment-large size-large wp-image-99000\" alt=\"Viscosity\" \/>\t\t\t\t\t\t\t\t\t\t\t\t\t\t\t<\/div>\n\t\t\t\t<\/div>\n\t\t\t\t\t<\/div>\n\t\t\t\t<\/div>\n\t\t\t\t\t<\/div>\n\t\t\t\t<\/div>\n\t\t<div class=\"elementor-element elementor-element-a894703 e-flex e-con-boxed e-con e-child\" data-id=\"a894703\" data-element_type=\"container\" data-e-type=\"container\">\n\t\t\t\t\t<div class=\"e-con-inner\">\n\t\t<div class=\"elementor-element elementor-element-eed4df8 e-flex e-con-boxed e-con e-child\" data-id=\"eed4df8\" data-element_type=\"container\" data-e-type=\"container\">\n\t\t\t\t\t<div class=\"e-con-inner\">\n\t\t\t\t<div class=\"elementor-element elementor-element-4b7eb72 elementor-widget elementor-widget-heading\" data-id=\"4b7eb72\" data-element_type=\"widget\" data-e-type=\"widget\" data-widget_type=\"heading.default\">\n\t\t\t\t<div class=\"elementor-widget-container\">\n\t\t\t\t\t<h2 class=\"elementor-heading-title elementor-size-default\">S\u1ef1 \u1ed5n \u0111\u1ecbnh<\/h2>\t\t\t\t<\/div>\n\t\t\t\t<\/div>\n\t\t\t\t<div class=\"elementor-element elementor-element-c8a82cd elementor-widget elementor-widget-heading\" data-id=\"c8a82cd\" data-element_type=\"widget\" data-e-type=\"widget\" data-widget_type=\"heading.default\">\n\t\t\t\t<div class=\"elementor-widget-container\">\n\t\t\t\t\t<p class=\"elementor-heading-title elementor-size-default\">T\u00ednh \u1ed5n \u0111\u1ecbnh c\u1ee7a s\u1ea3n ph\u1ea9m l\u00e0 m\u1ed9t kh\u00eda c\u1ea1nh quan tr\u1ecdng kh\u00e1c c\u1ee7a ch\u1ea5t l\u01b0\u1ee3ng s\u1ea3n ph\u1ea9m. T\u00ednh \u1ed5n \u0111\u1ecbnh c\u1ee7a s\u1ea3n ph\u1ea9m \u0111\u01b0\u1ee3c ki\u1ec3m tra b\u1eb1ng c\u00e1ch cho s\u1ea3n ph\u1ea9m ti\u1ebfp x\u00fac v\u1edbi nhi\u1ec1u \u0111i\u1ec1u ki\u1ec7n kh\u00e1c nhau nh\u01b0 nhi\u1ec7t \u0111\u1ed9 cao v\u00e0 th\u1ea5p, \u0111\u1ed9 \u1ea9m v\u00e0 \u00e1nh s\u00e1ng \u0111\u1ec3 \u0111\u1ea3m b\u1ea3o s\u1ea3n ph\u1ea9m duy tr\u00ec \u0111\u01b0\u1ee3c t\u00ednh to\u00e0n v\u1eb9n c\u1ee7a m\u00ecnh. C\u00e1c th\u1eed nghi\u1ec7m \u0111\u1ed9 \u1ed5n \u0111\u1ecbnh \u0111\u01b0\u1ee3c ti\u1ebfn h\u00e0nh \u0111\u1ec3 \u0111\u1ea3m b\u1ea3o s\u1ea3n ph\u1ea9m gi\u1eef \u0111\u01b0\u1ee3c hi\u1ec7u qu\u1ea3 v\u00e0 \u0111\u1ed9 an to\u00e0n theo th\u1eddi gian.  <\/p>\t\t\t\t<\/div>\n\t\t\t\t<\/div>\n\t\t\t\t\t<\/div>\n\t\t\t\t<\/div>\n\t\t<div class=\"elementor-element elementor-element-aedd845 e-flex e-con-boxed e-con e-child\" data-id=\"aedd845\" data-element_type=\"container\" data-e-type=\"container\">\n\t\t\t\t\t<div class=\"e-con-inner\">\n\t\t\t\t<div class=\"elementor-element elementor-element-a03b478 elementor-widget elementor-widget-image\" data-id=\"a03b478\" data-element_type=\"widget\" data-e-type=\"widget\" data-widget_type=\"image.default\">\n\t\t\t\t<div class=\"elementor-widget-container\">\n\t\t\t\t\t\t\t\t\t\t\t\t\t\t\t<img decoding=\"async\" width=\"800\" height=\"533\" src=\"https:\/\/www.xiangxiangdaily.com\/wp-content\/uploads\/2023\/12\/Stability.webp\" class=\"attachment-large size-large wp-image-98992\" alt=\"Stability\" \/>\t\t\t\t\t\t\t\t\t\t\t\t\t\t\t<\/div>\n\t\t\t\t<\/div>\n\t\t\t\t\t<\/div>\n\t\t\t\t<\/div>\n\t\t\t\t\t<\/div>\n\t\t\t\t<\/div>\n\t\t<div class=\"elementor-element elementor-element-ef45a5e e-flex e-con-boxed e-con e-child\" data-id=\"ef45a5e\" data-element_type=\"container\" data-e-type=\"container\">\n\t\t\t\t\t<div class=\"e-con-inner\">\n\t\t<div class=\"elementor-element elementor-element-669a086 e-flex e-con-boxed e-con e-child\" data-id=\"669a086\" data-element_type=\"container\" data-e-type=\"container\">\n\t\t\t\t\t<div class=\"e-con-inner\">\n\t\t\t\t<div class=\"elementor-element elementor-element-f6259ef elementor-widget elementor-widget-heading\" data-id=\"f6259ef\" data-element_type=\"widget\" data-e-type=\"widget\" data-widget_type=\"heading.default\">\n\t\t\t\t<div class=\"elementor-widget-container\">\n\t\t\t\t\t<h2 class=\"elementor-heading-title elementor-size-default\">H\u00e0m l\u01b0\u1ee3ng vi khu\u1ea9n<\/h2>\t\t\t\t<\/div>\n\t\t\t\t<\/div>\n\t\t\t\t<div class=\"elementor-element elementor-element-bb572e5 elementor-widget elementor-widget-heading\" data-id=\"bb572e5\" data-element_type=\"widget\" data-e-type=\"widget\" data-widget_type=\"heading.default\">\n\t\t\t\t<div class=\"elementor-widget-container\">\n\t\t\t\t\t<p class=\"elementor-heading-title elementor-size-default\">S\u1ef1 hi\u1ec7n di\u1ec7n c\u1ee7a vi sinh v\u1eadt g\u00e2y \u00f4 nhi\u1ec5m trong s\u1ea3n ph\u1ea9m c\u00f3 th\u1ec3 g\u00e2y nguy hi\u1ec3m cho s\u1ee9c kh\u1ecfe ng\u01b0\u1eddi s\u1eed d\u1ee5ng. Do \u0111\u00f3, s\u1ea3n ph\u1ea9m \u0111\u01b0\u1ee3c ki\u1ec3m tra h\u00e0m l\u01b0\u1ee3ng vi sinh v\u1eadt \u0111\u1ec3 \u0111\u1ea3m b\u1ea3o an to\u00e0n khi s\u1eed d\u1ee5ng v\u00e0 kh\u00f4ng g\u00e2y ra b\u1ea5t k\u1ef3 ph\u1ea3n \u1ee9ng ph\u1ee5 n\u00e0o. C\u00e1c x\u00e9t nghi\u1ec7m vi sinh th\u01b0\u1eddng \u0111\u01b0\u1ee3c ti\u1ebfn h\u00e0nh \u1edf c\u00e1c giai \u0111o\u1ea1n kh\u00e1c nhau c\u1ee7a quy tr\u00ecnh s\u1ea3n xu\u1ea5t, bao g\u1ed3m nguy\u00ean li\u1ec7u th\u00f4, m\u1eabu trong qu\u00e1 tr\u00ecnh s\u1ea3n xu\u1ea5t v\u00e0 s\u1ea3n ph\u1ea9m cu\u1ed1i c\u00f9ng.  <\/p>\t\t\t\t<\/div>\n\t\t\t\t<\/div>\n\t\t\t\t\t<\/div>\n\t\t\t\t<\/div>\n\t\t<div class=\"elementor-element elementor-element-d2b9bb3 e-flex e-con-boxed e-con e-child\" data-id=\"d2b9bb3\" data-element_type=\"container\" data-e-type=\"container\">\n\t\t\t\t\t<div class=\"e-con-inner\">\n\t\t\t\t<div class=\"elementor-element elementor-element-a89f218 elementor-widget elementor-widget-image\" data-id=\"a89f218\" data-element_type=\"widget\" data-e-type=\"widget\" data-widget_type=\"image.default\">\n\t\t\t\t<div class=\"elementor-widget-container\">\n\t\t\t\t\t\t\t\t\t\t\t\t\t\t\t<img loading=\"lazy\" decoding=\"async\" width=\"800\" height=\"533\" src=\"https:\/\/www.xiangxiangdaily.com\/wp-content\/uploads\/2023\/12\/Microbial-content.webp\" class=\"attachment-large size-large wp-image-98976\" alt=\"Microbial content\" \/>\t\t\t\t\t\t\t\t\t\t\t\t\t\t\t<\/div>\n\t\t\t\t<\/div>\n\t\t\t\t\t<\/div>\n\t\t\t\t<\/div>\n\t\t\t\t\t<\/div>\n\t\t\t\t<\/div>\n\t\t<div class=\"elementor-element elementor-element-dc517d8 e-flex e-con-boxed e-con e-child\" data-id=\"dc517d8\" data-element_type=\"container\" data-e-type=\"container\">\n\t\t\t\t\t<div class=\"e-con-inner\">\n\t\t<div class=\"elementor-element elementor-element-935ecff e-flex e-con-boxed e-con e-child\" data-id=\"935ecff\" data-element_type=\"container\" data-e-type=\"container\">\n\t\t\t\t\t<div class=\"e-con-inner\">\n\t\t\t\t<div class=\"elementor-element elementor-element-cd8b6d0 elementor-widget elementor-widget-heading\" data-id=\"cd8b6d0\" data-element_type=\"widget\" data-e-type=\"widget\" data-widget_type=\"heading.default\">\n\t\t\t\t<div class=\"elementor-widget-container\">\n\t\t\t\t\t<h2 class=\"elementor-heading-title elementor-size-default\">V\u1ebb b\u1ec1 ngo\u00e0i<\/h2>\t\t\t\t<\/div>\n\t\t\t\t<\/div>\n\t\t\t\t<div class=\"elementor-element elementor-element-9f76bb8 elementor-widget elementor-widget-heading\" data-id=\"9f76bb8\" data-element_type=\"widget\" data-e-type=\"widget\" data-widget_type=\"heading.default\">\n\t\t\t\t<div class=\"elementor-widget-container\">\n\t\t\t\t\t<p class=\"elementor-heading-title elementor-size-default\">H\u00ecnh th\u1ee9c t\u1ed5ng th\u1ec3 c\u1ee7a s\u1ea3n ph\u1ea9m \u0111\u01b0\u1ee3c ki\u1ec3m tra \u0111\u1ec3 \u0111\u1ea3m b\u1ea3o s\u1ea3n ph\u1ea9m c\u00f3 t\u00ednh th\u1ea9m m\u1ef9 cao v\u00e0 \u0111\u00e1p \u1ee9ng c\u00e1c ti\u00eau chu\u1ea9n ch\u1ea5t l\u01b0\u1ee3ng mong mu\u1ed1n. M\u00e0u s\u1eafc, \u0111\u1ed9 trong su\u1ed1t v\u00e0 \u0111\u1ed9 \u0111\u1ed3ng nh\u1ea5t c\u1ee7a s\u1ea3n ph\u1ea9m \u0111\u01b0\u1ee3c ki\u1ec3m tra \u0111\u1ec3 \u0111\u1ea3m b\u1ea3o \u0111\u00e1p \u1ee9ng c\u00e1c y\u00eau c\u1ea7u \u0111\u00e3 quy \u0111\u1ecbnh. <\/p>\t\t\t\t<\/div>\n\t\t\t\t<\/div>\n\t\t\t\t\t<\/div>\n\t\t\t\t<\/div>\n\t\t<div class=\"elementor-element elementor-element-946cd18 e-flex e-con-boxed e-con e-child\" data-id=\"946cd18\" data-element_type=\"container\" data-e-type=\"container\">\n\t\t\t\t\t<div class=\"e-con-inner\">\n\t\t\t\t<div class=\"elementor-element elementor-element-34b2847 elementor-widget elementor-widget-image\" data-id=\"34b2847\" data-element_type=\"widget\" data-e-type=\"widget\" data-widget_type=\"image.default\">\n\t\t\t\t<div class=\"elementor-widget-container\">\n\t\t\t\t\t\t\t\t\t\t\t\t\t\t\t<img loading=\"lazy\" decoding=\"async\" width=\"800\" height=\"533\" src=\"https:\/\/www.xiangxiangdaily.com\/wp-content\/uploads\/2023\/12\/Appearance.webp\" class=\"attachment-large size-large wp-image-98968\" alt=\"Appearance\" \/>\t\t\t\t\t\t\t\t\t\t\t\t\t\t\t<\/div>\n\t\t\t\t<\/div>\n\t\t\t\t\t<\/div>\n\t\t\t\t<\/div>\n\t\t\t\t\t<\/div>\n\t\t\t\t<\/div>\n\t\t\t\t<div class=\"elementor-element elementor-element-909e26c elementor-widget elementor-widget-heading\" data-id=\"909e26c\" data-element_type=\"widget\" data-e-type=\"widget\" data-widget_type=\"heading.default\">\n\t\t\t\t<div class=\"elementor-widget-container\">\n\t\t\t\t\t<p class=\"elementor-heading-title elementor-size-default\">Ngo\u00e0i c\u00e1c th\u1eed nghi\u1ec7m n\u00eau tr\u00ean, c\u00e1c th\u1eed nghi\u1ec7m c\u1ee5 th\u1ec3 kh\u00e1c c\u00f3 th\u1ec3 \u0111\u01b0\u1ee3c ti\u1ebfn h\u00e0nh d\u1ef1a tr\u00ean th\u00e0nh ph\u1ea7n v\u00e0 m\u1ee5c \u0111\u00edch s\u1eed d\u1ee5ng c\u1ee7a s\u1ea3n ph\u1ea9m. Nh\u00ecn chung, quy tr\u00ecnh ki\u1ec3m so\u00e1t ch\u1ea5t l\u01b0\u1ee3ng trong nh\u00e0 m\u00e1y m\u1ef9 ph\u1ea9m l\u00e0 m\u1ed9t quy tr\u00ecnh t\u1ec9 m\u1ec9 v\u00e0 to\u00e0n di\u1ec7n, \u0111\u1ea3m b\u1ea3o s\u1ea3n ph\u1ea9m cu\u1ed1i c\u00f9ng \u0111\u00e1p \u1ee9ng t\u1ea5t c\u1ea3 c\u00e1c ti\u00eau chu\u1ea9n ch\u1ea5t l\u01b0\u1ee3ng mong mu\u1ed1n. <\/p>\t\t\t\t<\/div>\n\t\t\t\t<\/div>\n\t\t\t\t\t<\/div>\n\t\t\t\t<\/div>\n\t\t<div class=\"elementor-element elementor-element-ebbe682 e-flex e-con-boxed e-con e-parent\" data-id=\"ebbe682\" data-element_type=\"container\" data-e-type=\"container\">\n\t\t\t\t\t<div class=\"e-con-inner\">\n\t\t\t\t<div class=\"elementor-element elementor-element-c42b4e6 elementor-widget elementor-widget-heading\" data-id=\"c42b4e6\" data-element_type=\"widget\" data-e-type=\"widget\" data-widget_type=\"heading.default\">\n\t\t\t\t<div class=\"elementor-widget-container\">\n\t\t\t\t\t<h2 class=\"elementor-heading-title elementor-size-default\">S\u1ef1 h\u1ee3p t\u00e1c c\u1ee7a nh\u00f3m l\u00e0 ch\u00eca kh\u00f3a \u0111\u1ec3 b\u1ea3o v\u1ec7 ch\u1ea5t l\u01b0\u1ee3ng<\/h2>\t\t\t\t<\/div>\n\t\t\t\t<\/div>\n\t\t\t\t<div class=\"elementor-element elementor-element-fc5e5c6 elementor-widget elementor-widget-heading\" data-id=\"fc5e5c6\" data-element_type=\"widget\" data-e-type=\"widget\" data-widget_type=\"heading.default\">\n\t\t\t\t<div class=\"elementor-widget-container\">\n\t\t\t\t\t<p class=\"elementor-heading-title elementor-size-default\">S\u1ea3n xu\u1ea5t m\u1ef9 ph\u1ea9m ch\u1ea5t l\u01b0\u1ee3ng cao l\u00e0 m\u1ed9t n\u1ed7 l\u1ef1c h\u1ee3p t\u00e1c \u0111\u00f2i h\u1ecfi s\u1ef1 h\u1ed7 tr\u1ee3 chung c\u1ee7a c\u00e1c c\u00f4ng nh\u00e2n v\u1eadn h\u00e0nh d\u00e2y chuy\u1ec1n, \u0111\u1ed9i ng\u0169 v\u1ec7 sinh v\u00e0 thay \u0111\u1ed5i d\u00e2y chuy\u1ec1n, c\u00f9ng v\u1edbi ban qu\u1ea3n l\u00fd s\u1ea3n xu\u1ea5t\/\u0111\u00f3ng g\u00f3i. C\u00f4ng ngh\u1ec7 ki\u1ec3m tra c\u1ee7a ch\u00fang t\u00f4i cung c\u1ea5p c\u00e1c ch\u1ec9 s\u1ed1 d\u1eef li\u1ec7u ch\u00ednh x\u00e1c v\u00e0 \u0111\u01b0\u1ee3c b\u1ed5 sung b\u1edfi gi\u00e1c quan nh\u1ea1y b\u00e9n c\u1ee7a c\u00e1c chuy\u00ean vi\u00ean ki\u1ec3m tra, cho ph\u00e9p ch\u00fang t\u00f4i \u0111\u00e1p \u1ee9ng c\u00e1c y\u00eau c\u1ea7u k\u1ef9 thu\u1eadt c\u1ee7a b\u1ea1n v\u1edbi \u0111\u1ed9 ch\u00ednh x\u00e1c cao nh\u1ea5t. <\/p>\t\t\t\t<\/div>\n\t\t\t\t<\/div>\n\t\t<div class=\"elementor-element elementor-element-283a02e e-flex e-con-boxed e-con e-child\" data-id=\"283a02e\" data-element_type=\"container\" data-e-type=\"container\">\n\t\t\t\t\t<div class=\"e-con-inner\">\n\t\t\t\t<div class=\"elementor-element elementor-element-456a05f elementor-widget elementor-widget-image\" data-id=\"456a05f\" data-element_type=\"widget\" data-e-type=\"widget\" data-widget_type=\"image.default\">\n\t\t\t\t<div class=\"elementor-widget-container\">\n\t\t\t\t\t\t\t\t\t\t\t\t\t\t\t<img loading=\"lazy\" decoding=\"async\" width=\"580\" height=\"450\" src=\"https:\/\/www.xiangxiangdaily.com\/wp-content\/uploads\/2023\/12\/Production-Workshop\uff081\uff09.webp\" class=\"attachment-large size-large wp-image-99016\" alt=\"Production Workshop\uff082\uff09\" \/>\t\t\t\t\t\t\t\t\t\t\t\t\t\t\t<\/div>\n\t\t\t\t<\/div>\n\t\t\t\t<div class=\"elementor-element elementor-element-b6c61aa elementor-widget elementor-widget-image\" data-id=\"b6c61aa\" data-element_type=\"widget\" data-e-type=\"widget\" data-widget_type=\"image.default\">\n\t\t\t\t<div class=\"elementor-widget-container\">\n\t\t\t\t\t\t\t\t\t\t\t\t\t\t\t<img loading=\"lazy\" decoding=\"async\" width=\"580\" height=\"450\" src=\"https:\/\/www.xiangxiangdaily.com\/wp-content\/uploads\/2023\/12\/shipping-service-1.webp\" class=\"attachment-large size-large wp-image-99024\" alt=\"shipping service\uff082\uff09\" \/>\t\t\t\t\t\t\t\t\t\t\t\t\t\t\t<\/div>\n\t\t\t\t<\/div>\n\t\t\t\t<div class=\"elementor-element elementor-element-ab35251 elementor-widget elementor-widget-image\" data-id=\"ab35251\" data-element_type=\"widget\" data-e-type=\"widget\" data-widget_type=\"image.default\">\n\t\t\t\t<div class=\"elementor-widget-container\">\n\t\t\t\t\t\t\t\t\t\t\t\t\t\t\t<img loading=\"lazy\" decoding=\"async\" width=\"580\" height=\"450\" src=\"https:\/\/www.xiangxiangdaily.com\/wp-content\/uploads\/2023\/12\/Inventory-Management-1.webp\" class=\"attachment-large size-large wp-image-99008\" alt=\"Inventory Management\uff082\uff09\" \/>\t\t\t\t\t\t\t\t\t\t\t\t\t\t\t<\/div>\n\t\t\t\t<\/div>\n\t\t\t\t\t<\/div>\n\t\t\t\t<\/div>\n\t\t\t\t\t<\/div>\n\t\t\t\t<\/div>\n\t\t\t\t<\/div>\n\t\t","protected":false},"excerpt":{"rendered":"<p>Ki\u1ec3m so\u00e1t ch\u1ea5t l\u01b0\u1ee3ng \u0110\u1ea1t \u0111\u01b0\u1ee3c l\u1ee3i th\u1ebf h\u01a1n \u0111\u1ed1i th\u1ee7 c\u1ea1nh tranh b\u1eb1ng c\u00e1ch \u00e1p d\u1ee5ng c\u00e1c bi\u1ec7n ph\u00e1p qu\u1ea3n l\u00fd ch\u1ea5t l\u01b0\u1ee3ng. Home Nh\u1eefng \u0111i\u1ec3m tinh t\u1ebf c\u1ee7a v\u1ebb \u0111\u1eb9p th\u1ef1c s\u1ef1 l\u00e0m cho n\u00f3 n\u1ed5i b\u1eadt T\u1ea1i Xiangxiang, ch\u00fang t\u00f4i t\u1ef1 h\u00e0o v\u1ec1 chuy\u00ean m\u00f4n s\u1ea3n xu\u1ea5t c\u1ee7a m\u00ecnh, \u0111\u00f3 l\u00e0 l\u00fd [&hellip;]<\/p>\n","protected":false},"author":1,"featured_media":26194,"parent":0,"menu_order":0,"comment_status":"closed","ping_status":"closed","template":"","meta":{"_acf_changed":false,"footnotes":""},"class_list":["post-26193","page","type-page","status-publish","has-post-thumbnail","hentry"],"acf":[],"_links":{"self":[{"href":"https:\/\/www.xiangxiangdaily.com\/vi\/wp-json\/wp\/v2\/pages\/26193","targetHints":{"allow":["GET"]}}],"collection":[{"href":"https:\/\/www.xiangxiangdaily.com\/vi\/wp-json\/wp\/v2\/pages"}],"about":[{"href":"https:\/\/www.xiangxiangdaily.com\/vi\/wp-json\/wp\/v2\/types\/page"}],"author":[{"embeddable":true,"href":"https:\/\/www.xiangxiangdaily.com\/vi\/wp-json\/wp\/v2\/users\/1"}],"replies":[{"embeddable":true,"href":"https:\/\/www.xiangxiangdaily.com\/vi\/wp-json\/wp\/v2\/comments?post=26193"}],"version-history":[{"count":0,"href":"https:\/\/www.xiangxiangdaily.com\/vi\/wp-json\/wp\/v2\/pages\/26193\/revisions"}],"wp:featuredmedia":[{"embeddable":true,"href":"https:\/\/www.xiangxiangdaily.com\/vi\/wp-json\/wp\/v2\/media\/26194"}],"wp:attachment":[{"href":"https:\/\/www.xiangxiangdaily.com\/vi\/wp-json\/wp\/v2\/media?parent=26193"}],"curies":[{"name":"wp","href":"https:\/\/api.w.org\/{rel}","templated":true}]}}