{"id":26206,"date":"2023-01-12T09:49:15","date_gmt":"2023-01-12T01:49:15","guid":{"rendered":"https:\/\/www.xiangxiangdaily.com\/dich-vu-oemodm\/"},"modified":"2026-04-28T18:17:57","modified_gmt":"2026-04-28T10:17:57","slug":"oem-odm-services","status":"publish","type":"page","link":"https:\/\/www.xiangxiangdaily.com\/vi\/oem-odm-services\/","title":{"rendered":"D\u1ecbch v\u1ee5 OEM &amp; ODM"},"content":{"rendered":"\t\t<div data-elementor-type=\"wp-page\" data-elementor-id=\"26206\" class=\"elementor elementor-26206 elementor-3358\" data-elementor-post-type=\"page\">\n\t\t\t\t<div class=\"elementor-element elementor-element-169657bf e-flex e-con-boxed e-con e-parent\" data-id=\"169657bf\" data-element_type=\"container\" data-e-type=\"container\" data-settings=\"{&quot;background_background&quot;:&quot;classic&quot;}\">\n\t\t\t\t\t<div class=\"e-con-inner\">\n\t\t\t\t<div class=\"elementor-element elementor-element-3fac2cb6 elementor-widget elementor-widget-heading\" data-id=\"3fac2cb6\" data-element_type=\"widget\" data-e-type=\"widget\" data-widget_type=\"heading.default\">\n\t\t\t\t<div class=\"elementor-widget-container\">\n\t\t\t\t\t<h1 class=\"elementor-heading-title elementor-size-default\">D\u1ecbch v\u1ee5 OEM &amp; ODM<\/h1>\t\t\t\t<\/div>\n\t\t\t\t<\/div>\n\t\t\t\t<div class=\"elementor-element elementor-element-9710db2 elementor-widget elementor-widget-text-editor\" data-id=\"9710db2\" data-element_type=\"widget\" data-e-type=\"widget\" data-widget_type=\"text-editor.default\">\n\t\t\t\t<div class=\"elementor-widget-container\">\n\t\t\t\t\t\t\t\t\t<p>D\u1ecbch v\u1ee5 OEM v\u00e0 ODM c\u1ee7a Xiangxiang Daily mang \u0111\u1ebfn cho c\u00e1c doanh nghi\u1ec7p c\u01a1 h\u1ed9i gi\u1ea3m thi\u1ec3u chi ph\u00ed, n\u00e2ng cao n\u0103ng su\u1ea5t v\u00e0 c\u00e1 nh\u00e2n h\u00f3a s\u1ea3n ph\u1ea9m m\u00e0 kh\u00f4ng c\u1ea7n \u0111\u1ea7u t\u01b0 v\u00e0o thi\u1ebft b\u1ecb v\u00e0 c\u01a1 s\u1edf s\u1ea3n xu\u1ea5t \u0111\u1eaft ti\u1ec1n. \u0110i\u1ec1u n\u00e0y, \u0111\u1ebfn l\u01b0\u1ee3t n\u00f3, cho ph\u00e9p c\u00e1c c\u00f4ng ty t\u1eadp trung v\u00e0o th\u1ebf m\u1ea1nh c\u1ed1t l\u00f5i c\u1ee7a m\u00ecnh v\u00e0 ph\u00e2n b\u1ed5 ngu\u1ed3n l\u1ef1c v\u00e0o c\u00e1c l\u0129nh v\u1ef1c kh\u00e1c. <\/p>\t\t\t\t\t\t\t\t<\/div>\n\t\t\t\t<\/div>\n\t\t\t\t<div class=\"elementor-element elementor-element-9f2f99c elementor-widget elementor-widget-breadcrumbs\" data-id=\"9f2f99c\" data-element_type=\"widget\" data-e-type=\"widget\" data-widget_type=\"breadcrumbs.default\">\n\t\t\t\t<div class=\"elementor-widget-container\">\n\t\t\t\t\t<nav><span class=\"last\">Trang ch\u1ee7<\/span><\/nav>\t\t\t\t<\/div>\n\t\t\t\t<\/div>\n\t\t\t\t\t<\/div>\n\t\t\t\t<\/div>\n\t\t<div class=\"elementor-element elementor-element-5406d36 e-flex e-con-boxed e-con e-parent\" data-id=\"5406d36\" data-element_type=\"container\" data-e-type=\"container\">\n\t\t\t\t\t<div class=\"e-con-inner\">\n\t\t\t\t<div class=\"elementor-element elementor-element-e3c7664 elementor-widget elementor-widget-image\" data-id=\"e3c7664\" data-element_type=\"widget\" data-e-type=\"widget\" data-widget_type=\"image.default\">\n\t\t\t\t<div class=\"elementor-widget-container\">\n\t\t\t\t\t\t\t\t\t\t\t\t\t\t\t<img fetchpriority=\"high\" decoding=\"async\" width=\"768\" height=\"297\" src=\"https:\/\/www.xiangxiangdaily.com\/wp-content\/uploads\/2023\/11\/production-line.webp\" class=\"attachment-medium_large size-medium_large wp-image-98712\" alt=\"d\u00e2y chuy\u1ec1n s\u1ea3n xu\u1ea5t\" \/>\t\t\t\t\t\t\t\t\t\t\t\t\t\t\t<\/div>\n\t\t\t\t<\/div>\n\t\t\t\t<div class=\"elementor-element elementor-element-c2d0959 elementor-widget elementor-widget-heading\" data-id=\"c2d0959\" data-element_type=\"widget\" data-e-type=\"widget\" data-widget_type=\"heading.default\">\n\t\t\t\t<div class=\"elementor-widget-container\">\n\t\t\t\t\t<h2 class=\"elementor-heading-title elementor-size-default\">Quy tr\u00ecnh s\u1ea3n xu\u1ea5t OEM &amp; ODM \u0111\u01b0\u1ee3c th\u1ef1c hi\u1ec7n nh\u01b0 th\u1ebf n\u00e0o?<\/h2>\t\t\t\t<\/div>\n\t\t\t\t<\/div>\n\t\t\t\t<div class=\"elementor-element elementor-element-a70b992 elementor-widget elementor-widget-text-editor\" data-id=\"a70b992\" data-element_type=\"widget\" data-e-type=\"widget\" data-widget_type=\"text-editor.default\">\n\t\t\t\t<div class=\"elementor-widget-container\">\n\t\t\t\t\t\t\t\t\t<p>Trong su\u1ed1t qu\u00e1 tr\u00ecnh, kh\u00e1ch h\u00e0ng v\u00e0 nh\u00e0 s\u1ea3n xu\u1ea5t lu\u00f4n duy tr\u00ec s\u1ef1 giao ti\u1ebfp r\u00f5 r\u00e0ng v\u00e0 c\u1edfi m\u1edf \u0111\u1ec3 \u0111\u1ea3m b\u1ea3o d\u1ef1 \u00e1n ti\u1ebfn tri\u1ec3n nh\u01b0 mong \u0111\u1ee3i v\u00e0 m\u1ecdi m\u1ed1i quan t\u00e2m ho\u1eb7c v\u1ea5n \u0111\u1ec1 \u0111\u1ec1u \u0111\u01b0\u1ee3c gi\u1ea3i quy\u1ebft k\u1ecbp th\u1eddi.<\/p>\t\t\t\t\t\t\t\t<\/div>\n\t\t\t\t<\/div>\n\t\t\t\t\t<\/div>\n\t\t\t\t<\/div>\n\t\t<div class=\"elementor-element elementor-element-dd6aa9d e-flex e-con-boxed e-con e-parent\" data-id=\"dd6aa9d\" data-element_type=\"container\" data-e-type=\"container\">\n\t\t\t\t\t<div class=\"e-con-inner\">\n\t\t<div class=\"elementor-element elementor-element-a7209c3 e-con-full e-flex e-con e-child\" data-id=\"a7209c3\" data-element_type=\"container\" data-e-type=\"container\">\n\t\t\t\t<div class=\"elementor-element elementor-element-eca1417 elementor-widget elementor-widget-heading\" data-id=\"eca1417\" data-element_type=\"widget\" data-e-type=\"widget\" data-widget_type=\"heading.default\">\n\t\t\t\t<div class=\"elementor-widget-container\">\n\t\t\t\t\t<h3 class=\"elementor-heading-title elementor-size-default\">D\u1ecbch v\u1ee5 OEM<\/h3>\t\t\t\t<\/div>\n\t\t\t\t<\/div>\n\t\t\t\t<div class=\"elementor-element elementor-element-83c6793 elementor-widget elementor-widget-image\" data-id=\"83c6793\" data-element_type=\"widget\" data-e-type=\"widget\" data-widget_type=\"image.default\">\n\t\t\t\t<div class=\"elementor-widget-container\">\n\t\t\t\t\t\t\t\t\t\t\t\t\t\t\t<img decoding=\"async\" width=\"733\" height=\"1024\" src=\"https:\/\/www.xiangxiangdaily.com\/wp-content\/uploads\/2024\/04\/OEM.webp\" class=\"attachment-large size-large wp-image-99598\" alt=\"\" \/>\t\t\t\t\t\t\t\t\t\t\t\t\t\t\t<\/div>\n\t\t\t\t<\/div>\n\t\t\t\t<\/div>\n\t\t<div class=\"elementor-element elementor-element-2376bf0 e-con-full e-flex e-con e-child\" data-id=\"2376bf0\" data-element_type=\"container\" data-e-type=\"container\">\n\t\t\t\t<div class=\"elementor-element elementor-element-56e3e64 elementor-widget elementor-widget-heading\" data-id=\"56e3e64\" data-element_type=\"widget\" data-e-type=\"widget\" data-widget_type=\"heading.default\">\n\t\t\t\t<div class=\"elementor-widget-container\">\n\t\t\t\t\t<h3 class=\"elementor-heading-title elementor-size-default\">D\u1ecbch v\u1ee5 ODM<\/h3>\t\t\t\t<\/div>\n\t\t\t\t<\/div>\n\t\t\t\t<div class=\"elementor-element elementor-element-aab2d7b elementor-widget elementor-widget-image\" data-id=\"aab2d7b\" data-element_type=\"widget\" data-e-type=\"widget\" data-widget_type=\"image.default\">\n\t\t\t\t<div class=\"elementor-widget-container\">\n\t\t\t\t\t\t\t\t\t\t\t\t\t\t\t<img decoding=\"async\" width=\"743\" height=\"1024\" src=\"https:\/\/www.xiangxiangdaily.com\/wp-content\/uploads\/2024\/04\/ODM.webp\" class=\"attachment-large size-large wp-image-99590\" alt=\"ODM\" \/>\t\t\t\t\t\t\t\t\t\t\t\t\t\t\t<\/div>\n\t\t\t\t<\/div>\n\t\t\t\t<\/div>\n\t\t\t\t\t<\/div>\n\t\t\t\t<\/div>\n\t\t\t\t<\/div>\n\t\t","protected":false},"excerpt":{"rendered":"<p>D\u1ecbch v\u1ee5 OEM &amp; ODM D\u1ecbch v\u1ee5 OEM v\u00e0 ODM c\u1ee7a Xiangxiang Daily mang \u0111\u1ebfn cho c\u00e1c doanh nghi\u1ec7p c\u01a1 h\u1ed9i gi\u1ea3m thi\u1ec3u chi ph\u00ed, n\u00e2ng cao n\u0103ng su\u1ea5t v\u00e0 c\u00e1 nh\u00e2n h\u00f3a s\u1ea3n ph\u1ea9m m\u00e0 kh\u00f4ng c\u1ea7n \u0111\u1ea7u t\u01b0 v\u00e0o thi\u1ebft b\u1ecb v\u00e0 c\u01a1 s\u1edf s\u1ea3n xu\u1ea5t \u0111\u1eaft ti\u1ec1n. \u0110i\u1ec1u n\u00e0y, \u0111\u1ebfn l\u01b0\u1ee3t n\u00f3, [&hellip;]<\/p>\n","protected":false},"author":1,"featured_media":26207,"parent":0,"menu_order":0,"comment_status":"closed","ping_status":"closed","template":"","meta":{"_acf_changed":false,"footnotes":""},"class_list":["post-26206","page","type-page","status-publish","has-post-thumbnail","hentry"],"acf":[],"_links":{"self":[{"href":"https:\/\/www.xiangxiangdaily.com\/vi\/wp-json\/wp\/v2\/pages\/26206","targetHints":{"allow":["GET"]}}],"collection":[{"href":"https:\/\/www.xiangxiangdaily.com\/vi\/wp-json\/wp\/v2\/pages"}],"about":[{"href":"https:\/\/www.xiangxiangdaily.com\/vi\/wp-json\/wp\/v2\/types\/page"}],"author":[{"embeddable":true,"href":"https:\/\/www.xiangxiangdaily.com\/vi\/wp-json\/wp\/v2\/users\/1"}],"replies":[{"embeddable":true,"href":"https:\/\/www.xiangxiangdaily.com\/vi\/wp-json\/wp\/v2\/comments?post=26206"}],"version-history":[{"count":2,"href":"https:\/\/www.xiangxiangdaily.com\/vi\/wp-json\/wp\/v2\/pages\/26206\/revisions"}],"predecessor-version":[{"id":101677,"href":"https:\/\/www.xiangxiangdaily.com\/vi\/wp-json\/wp\/v2\/pages\/26206\/revisions\/101677"}],"wp:featuredmedia":[{"embeddable":true,"href":"https:\/\/www.xiangxiangdaily.com\/vi\/wp-json\/wp\/v2\/media\/26207"}],"wp:attachment":[{"href":"https:\/\/www.xiangxiangdaily.com\/vi\/wp-json\/wp\/v2\/media?parent=26206"}],"curies":[{"name":"wp","href":"https:\/\/api.w.org\/{rel}","templated":true}]}}