{"id":26221,"date":"2022-07-23T08:35:21","date_gmt":"2022-07-23T00:35:21","guid":{"rendered":"https:\/\/www.xiangxiangdaily.com\/lien-he\/"},"modified":"2026-04-28T12:01:24","modified_gmt":"2026-04-28T04:01:24","slug":"lien-he","status":"publish","type":"page","link":"https:\/\/www.xiangxiangdaily.com\/vi\/lien-he\/","title":{"rendered":"Li\u00ean h\u1ec7"},"content":{"rendered":"\t\t<div data-elementor-type=\"wp-page\" data-elementor-id=\"26221\" class=\"elementor elementor-26221 elementor-547\" data-elementor-post-type=\"page\">\n\t\t\t\t<div class=\"elementor-element elementor-element-9949842 e-flex e-con-boxed e-con e-parent\" data-id=\"9949842\" data-element_type=\"container\" data-e-type=\"container\" data-settings=\"{&quot;background_background&quot;:&quot;classic&quot;}\">\n\t\t\t\t\t<div class=\"e-con-inner\">\n\t\t\t\t<div class=\"elementor-element elementor-element-ee30d42 elementor-widget elementor-widget-heading\" data-id=\"ee30d42\" data-element_type=\"widget\" data-e-type=\"widget\" data-widget_type=\"heading.default\">\n\t\t\t\t<div class=\"elementor-widget-container\">\n\t\t\t\t\t<h1 class=\"elementor-heading-title elementor-size-default\">Li\u00ean h\u1ec7 Xiangxiangdaily<\/h1>\t\t\t\t<\/div>\n\t\t\t\t<\/div>\n\t\t\t\t<div class=\"elementor-element elementor-element-584eb34 elementor-widget elementor-widget-heading\" data-id=\"584eb34\" data-element_type=\"widget\" data-e-type=\"widget\" data-widget_type=\"heading.default\">\n\t\t\t\t<div class=\"elementor-widget-container\">\n\t\t\t\t\t<p class=\"elementor-heading-title elementor-size-default\">Ch\u00fang t\u00f4i lu\u00f4n s\u1eb5n s\u00e0ng h\u1ed7 tr\u1ee3 b\u1ea1n 24\/7\/365. H\u00e3y li\u00ean h\u1ec7 v\u1edbi ch\u00fang t\u00f4i \u0111\u1ec3 nh\u1eadn m\u1eabu th\u1eed mi\u1ec5n ph\u00ed.<\/p>\t\t\t\t<\/div>\n\t\t\t\t<\/div>\n\t\t\t\t<div class=\"elementor-element elementor-element-195727e elementor-widget elementor-widget-breadcrumbs\" data-id=\"195727e\" data-element_type=\"widget\" data-e-type=\"widget\" data-widget_type=\"breadcrumbs.default\">\n\t\t\t\t<div class=\"elementor-widget-container\">\n\t\t\t\t\t<nav aria-label=\"breadcrumbs\" class=\"rank-math-breadcrumb\"><p><span class=\"last\">Trang ch\u1ee7<\/span><\/p><\/nav>\t\t\t\t<\/div>\n\t\t\t\t<\/div>\n\t\t\t\t\t<\/div>\n\t\t\t\t<\/div>\n\t\t<div class=\"elementor-element elementor-element-377d354 e-flex e-con-boxed e-con e-parent\" data-id=\"377d354\" data-element_type=\"container\" data-e-type=\"container\">\n\t\t\t\t\t<div class=\"e-con-inner\">\n\t\t<div class=\"elementor-element elementor-element-158e3e0 e-flex e-con-boxed e-con e-child\" data-id=\"158e3e0\" data-element_type=\"container\" data-e-type=\"container\">\n\t\t\t\t\t<div class=\"e-con-inner\">\n\t\t\t\t<div class=\"elementor-element elementor-element-ad8345a elementor-widget elementor-widget-heading\" data-id=\"ad8345a\" data-element_type=\"widget\" data-e-type=\"widget\" data-widget_type=\"heading.default\">\n\t\t\t\t<div class=\"elementor-widget-container\">\n\t\t\t\t\t<h2 class=\"elementor-heading-title elementor-size-default\">Nh\u00e3n hi\u1ec7u ri\u00eang cho m\u1ef9 ph\u1ea9m c\u1ee7a b\u1ea1n!<\/h2>\t\t\t\t<\/div>\n\t\t\t\t<\/div>\n\t\t\t\t<div class=\"elementor-element elementor-element-66dc33b elementor-widget elementor-widget-heading\" data-id=\"66dc33b\" data-element_type=\"widget\" data-e-type=\"widget\" data-widget_type=\"heading.default\">\n\t\t\t\t<div class=\"elementor-widget-container\">\n\t\t\t\t\t<p class=\"elementor-heading-title elementor-size-default\">H\u00e3y g\u1eedi cho ch\u00fang t\u00f4i y\u00eau c\u1ea7u b\u00e1o gi\u00e1 v\u00e0 ch\u00fang t\u00f4i s\u1ebd t\u1ea1o b\u00e1o gi\u00e1 v\u1edbi m\u1ecdi th\u1ee9 b\u1ea1n c\u1ea7n cho d\u1ef1 \u00e1n m\u1ef9 ph\u1ea9m c\u1ee7a m\u00ecnh.<\/p>\t\t\t\t<\/div>\n\t\t\t\t<\/div>\n\t\t<div class=\"elementor-element elementor-element-4e341db e-flex e-con-boxed e-con e-child\" data-id=\"4e341db\" data-element_type=\"container\" data-e-type=\"container\">\n\t\t\t\t\t<div class=\"e-con-inner\">\n\t\t<div class=\"elementor-element elementor-element-77ad372 e-flex e-con-boxed e-con e-child\" data-id=\"77ad372\" data-element_type=\"container\" data-e-type=\"container\">\n\t\t\t\t\t<div class=\"e-con-inner\">\n\t\t\t\t<div class=\"elementor-element elementor-element-04ab620 elementor-view-stacked elementor-shape-circle elementor-widget elementor-widget-icon\" data-id=\"04ab620\" data-element_type=\"widget\" data-e-type=\"widget\" data-widget_type=\"icon.default\">\n\t\t\t\t<div class=\"elementor-widget-container\">\n\t\t\t\t\t\t\t<div class=\"elementor-icon-wrapper\">\n\t\t\t<div class=\"elementor-icon\">\n\t\t\t<i aria-hidden=\"true\" class=\"fas fa-users\"><\/i>\t\t\t<\/div>\n\t\t<\/div>\n\t\t\t\t\t\t<\/div>\n\t\t\t\t<\/div>\n\t\t<div class=\"elementor-element elementor-element-f1b2eb2 e-flex e-con-boxed e-con e-child\" data-id=\"f1b2eb2\" data-element_type=\"container\" data-e-type=\"container\">\n\t\t\t\t\t<div class=\"e-con-inner\">\n\t\t\t\t<div class=\"elementor-element elementor-element-fdb69a4 elementor-widget elementor-widget-heading\" data-id=\"fdb69a4\" data-element_type=\"widget\" data-e-type=\"widget\" data-widget_type=\"heading.default\">\n\t\t\t\t<div class=\"elementor-widget-container\">\n\t\t\t\t\t<p class=\"elementor-heading-title elementor-size-default\">Xiangxiang l\u00e0 nh\u00e0 s\u1ea3n xu\u1ea5t s\u1ea3n ph\u1ea9m ch\u0103m s\u00f3c c\u00e1 nh\u00e2n \u0111\u01b0\u1ee3c th\u00e0nh l\u1eadp d\u1ef1a tr\u00ean m\u1ee5c ti\u00eau theo \u0111u\u1ed5i v\u1ebb \u0111\u1eb9p v\u00e0 ni\u1ec1m \u0111am m\u00ea t\u1ea1o ra nh\u1eefng s\u1ea3n ph\u1ea9m l\u00e0m h\u00e0i l\u00f2ng kh\u00e1ch h\u00e0ng.<\/p>\t\t\t\t<\/div>\n\t\t\t\t<\/div>\n\t\t\t\t<div class=\"elementor-element elementor-element-1f2a749 elementor-widget elementor-widget-heading\" data-id=\"1f2a749\" data-element_type=\"widget\" data-e-type=\"widget\" data-widget_type=\"heading.default\">\n\t\t\t\t<div class=\"elementor-widget-container\">\n\t\t\t\t\t<p class=\"elementor-heading-title elementor-size-default\">Qua th\u1eddi gian, ch\u00fang t\u00f4i \u0111\u00e3 ph\u00e1t tri\u1ec3n c\u00e1c k\u1ef9 n\u0103ng v\u00e0 n\u0103ng l\u1ef1c c\u1ea7n thi\u1ebft \u0111\u1ec3 ho\u00e0n th\u00e0nh s\u1ee9 m\u1ec7nh cung c\u1ea5p c\u00e1c s\u1ea3n ph\u1ea9m tho\u1ea3i m\u00e1i, gi\u00e1 c\u1ea3 ph\u1ea3i ch\u0103ng v\u00e0 tr\u1edf th\u00e0nh nh\u00e0 s\u1ea3n xu\u1ea5t s\u1ea3n ph\u1ea9m <a href=\"https:\/\/www.xiangxiangdaily.com\/vi\/leading-facial-serum-suppliers-for-your-brand\/\" title=\"C\u00e1c nh\u00e0 cung c\u1ea5p serum d\u01b0\u1ee1ng da h\u00e0ng \u0111\u1ea7u cho th\u01b0\u01a1ng hi\u1ec7u c\u1ee7a b\u1ea1n\" target=\"_blank\" rel=\"noopener\" data-wpil-monitor-id=\"5019\">ch\u0103m s\u00f3c c\u00e1 nh\u00e2n h\u00e0ng \u0111\u1ea7u<\/a> Trung Qu\u1ed1c.<\/p>\t\t\t\t<\/div>\n\t\t\t\t<\/div>\n\t\t\t\t\t<\/div>\n\t\t\t\t<\/div>\n\t\t\t\t\t<\/div>\n\t\t\t\t<\/div>\n\t\t<div class=\"elementor-element elementor-element-ea76a1a e-flex e-con-boxed e-con e-child\" data-id=\"ea76a1a\" data-element_type=\"container\" data-e-type=\"container\">\n\t\t\t\t\t<div class=\"e-con-inner\">\n\t\t\t\t<div class=\"elementor-element elementor-element-fb1cc16 elementor-view-stacked elementor-shape-circle elementor-widget elementor-widget-icon\" data-id=\"fb1cc16\" data-element_type=\"widget\" data-e-type=\"widget\" data-widget_type=\"icon.default\">\n\t\t\t\t<div class=\"elementor-widget-container\">\n\t\t\t\t\t\t\t<div class=\"elementor-icon-wrapper\">\n\t\t\t<div class=\"elementor-icon\">\n\t\t\t<i aria-hidden=\"true\" class=\"far fa-building\"><\/i>\t\t\t<\/div>\n\t\t<\/div>\n\t\t\t\t\t\t<\/div>\n\t\t\t\t<\/div>\n\t\t<div class=\"elementor-element elementor-element-d46d6d8 e-flex e-con-boxed e-con e-child\" data-id=\"d46d6d8\" data-element_type=\"container\" data-e-type=\"container\">\n\t\t\t\t\t<div class=\"e-con-inner\">\n\t\t\t\t<div class=\"elementor-element elementor-element-549888f elementor-widget elementor-widget-heading\" data-id=\"549888f\" data-element_type=\"widget\" data-e-type=\"widget\" data-widget_type=\"heading.default\">\n\t\t\t\t<div class=\"elementor-widget-container\">\n\t\t\t\t\t<p class=\"elementor-heading-title elementor-size-default\">Ph\u00f2ng 221, T\u00f2a nh\u00e0 B, 22 \u0110\u01b0\u1eddng Jianpeng, Ph\u1ed1 Helong, Qu\u1ea3ng Ch\u00e2u, Qu\u1ea3ng \u0110\u00f4ng, Trung Qu\u1ed1c<\/p>\t\t\t\t<\/div>\n\t\t\t\t<\/div>\n\t\t\t\t\t<\/div>\n\t\t\t\t<\/div>\n\t\t\t\t\t<\/div>\n\t\t\t\t<\/div>\n\t\t<div class=\"elementor-element elementor-element-0b994f2 e-flex e-con-boxed e-con e-child\" data-id=\"0b994f2\" data-element_type=\"container\" data-e-type=\"container\">\n\t\t\t\t\t<div class=\"e-con-inner\">\n\t\t\t\t<div class=\"elementor-element elementor-element-b4cd019 elementor-view-stacked elementor-shape-circle elementor-widget elementor-widget-icon\" data-id=\"b4cd019\" data-element_type=\"widget\" data-e-type=\"widget\" data-widget_type=\"icon.default\">\n\t\t\t\t<div class=\"elementor-widget-container\">\n\t\t\t\t\t\t\t<div class=\"elementor-icon-wrapper\">\n\t\t\t<div class=\"elementor-icon\">\n\t\t\t<i aria-hidden=\"true\" class=\"far fa-smile\"><\/i>\t\t\t<\/div>\n\t\t<\/div>\n\t\t\t\t\t\t<\/div>\n\t\t\t\t<\/div>\n\t\t<div class=\"elementor-element elementor-element-a6f1883 e-flex e-con-boxed e-con e-child\" data-id=\"a6f1883\" data-element_type=\"container\" data-e-type=\"container\">\n\t\t\t\t\t<div class=\"e-con-inner\">\n\t\t\t\t<div class=\"elementor-element elementor-element-6fed1af elementor-widget elementor-widget-heading\" data-id=\"6fed1af\" data-element_type=\"widget\" data-e-type=\"widget\" data-widget_type=\"heading.default\">\n\t\t\t\t<div class=\"elementor-widget-container\">\n\t\t\t\t\t<p class=\"elementor-heading-title elementor-size-default\">Nh\u00f3m c\u1ee7a ch\u00fang t\u00f4i s\u1ebd c\u00f9ng nhau gi\u1ea3i \u0111\u00e1p th\u1eafc m\u1eafc v\u00e0 gi\u1ea3i quy\u1ebft v\u1ea5n \u0111\u1ec1 c\u1ee7a b\u1ea1n. \u0110\u00f3 l\u00e0 c\u00e1ch ch\u00fang t\u00f4i x\u00e2y d\u1ef1ng m\u1ed1i quan h\u1ec7 v\u00e0 l\u00e0m h\u00e0i l\u00f2ng kh\u00e1ch h\u00e0ng.<\/p>\t\t\t\t<\/div>\n\t\t\t\t<\/div>\n\t\t\t\t\t<\/div>\n\t\t\t\t<\/div>\n\t\t\t\t\t<\/div>\n\t\t\t\t<\/div>\n\t\t\t\t\t<\/div>\n\t\t\t\t<\/div>\n\t\t\t\t\t<\/div>\n\t\t\t\t<\/div>\n\t\t<div class=\"elementor-element elementor-element-e9df34c e-con-full e-flex e-con e-child\" data-id=\"e9df34c\" data-element_type=\"container\" data-e-type=\"container\">\n\t\t\t\t<div class=\"elementor-element elementor-element-9df5a91 elementor-widget elementor-widget-shortcode\" data-id=\"9df5a91\" data-element_type=\"widget\" data-e-type=\"widget\" data-widget_type=\"shortcode.default\">\n\t\t\t\t<div class=\"elementor-widget-container\">\n\t\t\t\t\t\t\t<div class=\"elementor-shortcode\">\t\t<div data-elementor-type=\"container\" data-elementor-id=\"85047\" class=\"elementor elementor-85047 elementor-56232 elementor-56232\" data-elementor-post-type=\"elementor_library\">\n\t\t\t\t<div class=\"elementor-element elementor-element-bd0127d e-flex e-con-boxed e-con e-child\" data-id=\"bd0127d\" data-element_type=\"container\" data-e-type=\"container\">\n\t\t\t\t\t<div class=\"e-con-inner\">\n\t\t\t\t<div class=\"elementor-element elementor-element-4b1453f7 elementor-widget elementor-widget-heading\" data-id=\"4b1453f7\" data-element_type=\"widget\" data-e-type=\"widget\" data-widget_type=\"heading.default\">\n\t\t\t\t<div class=\"elementor-widget-container\">\n\t\t\t\t\t<h4 class=\"elementor-heading-title elementor-size-default\">G\u1eedi y\u00eau c\u1ea7u c\u1ee7a b\u1ea1n<\/h4>\t\t\t\t<\/div>\n\t\t\t\t<\/div>\n\t\t\t\t<div class=\"elementor-element elementor-element-aab86b5 elementor-button-align-center elementor-widget elementor-widget-form\" data-id=\"aab86b5\" data-element_type=\"widget\" data-e-type=\"widget\" data-settings=\"{&quot;step_next_label&quot;:&quot;K\\u1ebf ti\\u1ebfp&quot;,&quot;step_previous_label&quot;:&quot;Tr\\u01b0\\u1edbc&quot;,&quot;button_width&quot;:&quot;100&quot;,&quot;step_type&quot;:&quot;number_text&quot;,&quot;step_icon_shape&quot;:&quot;circle&quot;}\" data-widget_type=\"form.default\">\n\t\t\t\t<div class=\"elementor-widget-container\">\n\t\t\t\t\t\t\t<form class=\"elementor-form\" method=\"post\" name=\"Bi\u1ec3u m\u1eabu m\u1edbi\" aria-label=\"Bi\u1ec3u m\u1eabu m\u1edbi\">\r\n\t\t\t<input type=\"hidden\" name=\"post_id\" value=\"85047\"\/>\r\n\t\t\t<input type=\"hidden\" name=\"form_id\" value=\"aab86b5\"\/>\r\n\t\t\t<input type=\"hidden\" name=\"referer_title\" value=\"D\u1ea7u g\u1ed9i mini du l\u1ecbch - XiangXiangDaily\" \/>\r\n\r\n\t\t\t\t\t\t\t<input type=\"hidden\" name=\"queried_id\" value=\"94537\"\/>\r\n\t\t\t\r\n\t\t\t<div class=\"elementor-form-fields-wrapper elementor-labels-above\">\r\n\t\t\t\t\t\t\t\t<div class=\"elementor-field-type-text elementor-field-group elementor-column elementor-field-group-name elementor-col-100 elementor-field-required elementor-mark-required\">\r\n\t\t\t\t\t\t\t\t\t\t\t\t<label for=\"form-field-name\" class=\"elementor-field-label\">\r\n\t\t\t\t\t\t\t\tT\u00ean\t\t\t\t\t\t\t<\/label>\r\n\t\t\t\t\t\t\t\t\t\t\t\t\t\t<input size=\"1\" type=\"text\" name=\"form_fields[name]\" id=\"form-field-name\" class=\"elementor-field elementor-size-sm  elementor-field-textual\" required=\"required\">\r\n\t\t\t\t\t\t\t\t\t\t\t<\/div>\r\n\t\t\t\t\t\t\t\t<div class=\"elementor-field-type-email elementor-field-group elementor-column elementor-field-group-email elementor-col-100 elementor-field-required elementor-mark-required\">\r\n\t\t\t\t\t\t\t\t\t\t\t\t<label for=\"form-field-email\" class=\"elementor-field-label\">\r\n\t\t\t\t\t\t\t\tTh\u01b0 \u0111i\u1ec7n t\u1eed\t\t\t\t\t\t\t<\/label>\r\n\t\t\t\t\t\t\t\t\t\t\t\t\t\t<input size=\"1\" type=\"email\" name=\"form_fields[email]\" id=\"form-field-email\" class=\"elementor-field elementor-size-sm  elementor-field-textual\" required=\"required\">\r\n\t\t\t\t\t\t\t\t\t\t\t<\/div>\r\n\t\t\t\t\t\t\t\t<div class=\"elementor-field-type-tel elementor-field-group elementor-column elementor-field-group-field_7cb3a0f elementor-col-100\">\r\n\t\t\t\t\t\t\t\t\t\t\t\t<label for=\"form-field-field_7cb3a0f\" class=\"elementor-field-label\">\r\n\t\t\t\t\t\t\t\tWhatsApp\t\t\t\t\t\t\t<\/label>\r\n\t\t\t\t\t\t\t\t<input size=\"1\" type=\"tel\" name=\"form_fields[field_7cb3a0f]\" id=\"form-field-field_7cb3a0f\" class=\"elementor-field elementor-size-sm  elementor-field-textual\" pattern=\"[0-9()#&amp;+*-=.]+\" title=\"Only numbers and phone characters (#, -, *, etc) are accepted.\">\r\n\r\n\t\t\t\t\t\t<\/div>\r\n\t\t\t\t\t\t\t\t<div class=\"elementor-field-type-text elementor-field-group elementor-column elementor-field-group-field_e60fdf8 elementor-col-100\">\r\n\t\t\t\t\t\t\t\t\t\t\t\t<label for=\"form-field-field_e60fdf8\" class=\"elementor-field-label\">\r\n\t\t\t\t\t\t\t\tLo\u1ea1i h\u00ecnh c\u00f4ng ty\t\t\t\t\t\t\t<\/label>\r\n\t\t\t\t\t\t\t\t\t\t\t\t\t\t<input size=\"1\" type=\"text\" name=\"form_fields[field_e60fdf8]\" id=\"form-field-field_e60fdf8\" class=\"elementor-field elementor-size-sm  elementor-field-textual\" placeholder=\"Th\u01b0\u01a1ng hi\u1ec7u \/ Nh\u00e0 b\u00e1n bu\u00f4n \/ Ng\u01b0\u1eddi c\u00f3 \u1ea3nh h\u01b0\u1edfng \/ Th\u1ea9m m\u1ef9 vi\u1ec7n\">\r\n\t\t\t\t\t\t\t\t\t\t\t<\/div>\r\n\t\t\t\t\t\t\t\t<div class=\"elementor-field-type-text elementor-field-group elementor-column elementor-field-group-field_63bb8cf elementor-col-100\">\r\n\t\t\t\t\t\t\t\t\t\t\t\t<label for=\"form-field-field_63bb8cf\" class=\"elementor-field-label\">\r\n\t\t\t\t\t\t\t\tNg\u00e2n s\u00e1ch (USD)\t\t\t\t\t\t\t<\/label>\r\n\t\t\t\t\t\t\t\t\t\t\t\t\t\t<input size=\"1\" type=\"text\" name=\"form_fields[field_63bb8cf]\" id=\"form-field-field_63bb8cf\" class=\"elementor-field elementor-size-sm  elementor-field-textual\" placeholder=\"&lt;10k \/ 10\u201330k \/ 30\u2013100k \/ 100k+\">\r\n\t\t\t\t\t\t\t\t\t\t\t<\/div>\r\n\t\t\t\t\t\t\t\t<div class=\"elementor-field-type-textarea elementor-field-group elementor-column elementor-field-group-message elementor-col-100 elementor-field-required elementor-mark-required\">\r\n\t\t\t\t\t\t\t\t\t\t\t\t<label for=\"form-field-message\" class=\"elementor-field-label\">\r\n\t\t\t\t\t\t\t\tTh\u00f4ng \u0111i\u1ec7p\t\t\t\t\t\t\t<\/label>\r\n\t\t\t\t\t\t<textarea class=\"elementor-field-textual elementor-field  elementor-size-sm\" name=\"form_fields[message]\" id=\"form-field-message\" rows=\"4\" placeholder=\"Chi ti\u1ebft s\u1ea3n ph\u1ea9m, bao b\u00ec, s\u1ed1 l\u01b0\u1ee3ng, th\u1ecb tr\u01b0\u1eddng m\u1ee5c ti\u00eau v\u00e0 k\u00eanh b\u00e1n h\u00e0ng b\u1eaft bu\u1ed9c\" required=\"required\"><\/textarea>\t\t\t\t<\/div>\r\n\t\t\t\t\t\t\t\t<div class=\"elementor-field-type-upload elementor-field-group elementor-column elementor-field-group-File elementor-col-100\">\r\n\t\t\t\t\t\t\t\t\t\t\t\t<label for=\"form-field-File\" class=\"elementor-field-label\">\r\n\t\t\t\t\t\t\t\t*Vui l\u00f2ng ch\u1ec9 t\u1ea3i l\u00ean h\u00ecnh \u1ea3nh, video, t\u1ec7p t\u00e0i li\u1ec7u. Gi\u1edbi h\u1ea1n k\u00edch th\u01b0\u1edbc l\u00e0 80MB.\t\t\t\t\t\t\t<\/label>\r\n\t\t\t\t\t\t\t\t<input type=\"file\" name=\"form_fields[File]\" id=\"form-field-File\" class=\"elementor-field elementor-size-sm  elementor-upload-field\" data-maxsize=\"80\" data-maxsize-message=\"T\u1ec7p n\u00e0y v\u01b0\u1ee3t qu\u00e1 k\u00edch th\u01b0\u1edbc t\u1ed1i \u0111a cho ph\u00e9p.\">\r\n\r\n\t\t\t\t\t\t<\/div>\r\n\t\t\t\t\t\t\t\t<div class=\"elementor-field-type-recaptcha_v3 elementor-field-group elementor-column elementor-field-group-field_fe41b95 elementor-col-100 recaptcha_v3-bottomright\">\r\n\t\t\t\t\t<div class=\"elementor-field\" id=\"form-field-field_fe41b95\"><div class=\"elementor-g-recaptcha\" data-sitekey=\"6LfAMOsqAAAAAL-3FYGqGAbWv3HjI354AQUBAmoX\" data-type=\"v3\" data-action=\"Form\" data-badge=\"bottomright\" data-size=\"invisible\"><\/div><\/div>\t\t\t\t<\/div>\r\n\t\t\t\t\t\t\t\t<div class=\"elementor-field-type-text elementor-field-group elementor-column elementor-field-group-field_b18d8ed elementor-col-100\">\r\n\t\t\t\t\t\t\t\t\t\t\t\t<label for=\"form-field-field_b18d8ed\" class=\"elementor-field-label\">\r\n\t\t\t\t\t\t\t\tT\u1eadp tin\t\t\t\t\t\t\t<\/label>\r\n\t\t\t\t\t\t\t\t\t\t\t\t\t\t<input size=\"1\" type=\"text\" name=\"form_fields[field_b18d8ed]\" id=\"form-field-field_b18d8ed\" class=\"elementor-field elementor-size-sm  elementor-field-textual\">\r\n\t\t\t\t\t\t\t\t\t\t\t<\/div>\r\n\t\t\t\t\t\t\t\t<div class=\"elementor-field-group elementor-column elementor-field-type-submit elementor-col-100 e-form__buttons\">\r\n\t\t\t\t\t<button class=\"elementor-button elementor-size-md\" type=\"submit\">\r\n\t\t\t\t\t\t<span class=\"elementor-button-content-wrapper\">\r\n\t\t\t\t\t\t\t\t\t\t\t\t\t\t\t\t\t\t\t\t\t\t<span class=\"elementor-button-text\">G\u1eedi<\/span>\r\n\t\t\t\t\t\t\t\t\t\t\t\t\t<\/span>\r\n\t\t\t\t\t<\/button>\r\n\t\t\t\t<\/div>\r\n\t\t\t<\/div>\r\n\t\t<\/form>\r\n\t\t\t\t\t\t<\/div>\n\t\t\t\t<\/div>\n\t\t\t\t\t<\/div>\n\t\t\t\t<\/div>\n\t\t\t\t<\/div>\n\t\t<\/div>\n\t\t\t\t\t\t<\/div>\n\t\t\t\t<\/div>\n\t\t\t\t<\/div>\n\t\t\t\t\t<\/div>\n\t\t\t\t<\/div>\n\t\t\t\t<\/div>\n\t\t","protected":false},"excerpt":{"rendered":"<p>Li\u00ean h\u1ec7 Xiangxiangdaily Ch\u00fang t\u00f4i lu\u00f4n s\u1eb5n s\u00e0ng h\u1ed7 tr\u1ee3 b\u1ea1n 24\/7\/365. H\u00e3y li\u00ean h\u1ec7 v\u1edbi ch\u00fang t\u00f4i \u0111\u1ec3 nh\u1eadn m\u1eabu th\u1eed mi\u1ec5n ph\u00ed. Home Nh\u00e3n hi\u1ec7u ri\u00eang cho m\u1ef9 ph\u1ea9m c\u1ee7a b\u1ea1n! H\u00e3y g\u1eedi cho ch\u00fang t\u00f4i y\u00eau c\u1ea7u b\u00e1o gi\u00e1 v\u00e0 ch\u00fang t\u00f4i s\u1ebd t\u1ea1o b\u00e1o gi\u00e1 v\u1edbi m\u1ecdi th\u1ee9 b\u1ea1n c\u1ea7n cho [&hellip;]<\/p>\n","protected":false},"author":1,"featured_media":0,"parent":0,"menu_order":0,"comment_status":"closed","ping_status":"closed","template":"","meta":{"_acf_changed":false,"footnotes":""},"class_list":["post-26221","page","type-page","status-publish","hentry"],"acf":[],"_links":{"self":[{"href":"https:\/\/www.xiangxiangdaily.com\/vi\/wp-json\/wp\/v2\/pages\/26221","targetHints":{"allow":["GET"]}}],"collection":[{"href":"https:\/\/www.xiangxiangdaily.com\/vi\/wp-json\/wp\/v2\/pages"}],"about":[{"href":"https:\/\/www.xiangxiangdaily.com\/vi\/wp-json\/wp\/v2\/types\/page"}],"author":[{"embeddable":true,"href":"https:\/\/www.xiangxiangdaily.com\/vi\/wp-json\/wp\/v2\/users\/1"}],"replies":[{"embeddable":true,"href":"https:\/\/www.xiangxiangdaily.com\/vi\/wp-json\/wp\/v2\/comments?post=26221"}],"version-history":[{"count":3,"href":"https:\/\/www.xiangxiangdaily.com\/vi\/wp-json\/wp\/v2\/pages\/26221\/revisions"}],"predecessor-version":[{"id":101074,"href":"https:\/\/www.xiangxiangdaily.com\/vi\/wp-json\/wp\/v2\/pages\/26221\/revisions\/101074"}],"wp:attachment":[{"href":"https:\/\/www.xiangxiangdaily.com\/vi\/wp-json\/wp\/v2\/media?parent=26221"}],"curies":[{"name":"wp","href":"https:\/\/api.w.org\/{rel}","templated":true}]}}