{"id":62874,"date":"2022-11-23T12:34:00","date_gmt":"2022-11-23T04:34:00","guid":{"rendered":"https:\/\/www.xiangxiangdaily.com\/terms-conditions\/"},"modified":"2026-02-28T17:24:40","modified_gmt":"2026-02-28T09:24:40","slug":"terms-conditions","status":"publish","type":"page","link":"https:\/\/www.xiangxiangdaily.com\/vi\/terms-conditions\/","title":{"rendered":"\u0110i\u1ec1u kho\u1ea3n &amp; \u0110i\u1ec1u ki\u1ec7n"},"content":{"rendered":"\t\t<div data-elementor-type=\"wp-page\" data-elementor-id=\"62874\" class=\"elementor elementor-62874 elementor-444\" data-elementor-post-type=\"page\">\n\t\t\t\t<div class=\"elementor-element elementor-element-c663898 e-flex e-con-boxed e-con e-parent\" data-id=\"c663898\" data-element_type=\"container\" data-e-type=\"container\" data-settings=\"{&quot;background_background&quot;:&quot;classic&quot;}\">\n\t\t\t\t\t<div class=\"e-con-inner\">\n\t\t\t\t<div class=\"elementor-element elementor-element-af456e3 elementor-widget elementor-widget-heading\" data-id=\"af456e3\" data-element_type=\"widget\" data-e-type=\"widget\" data-widget_type=\"heading.default\">\n\t\t\t\t<div class=\"elementor-widget-container\">\n\t\t\t\t\t<h1 class=\"elementor-heading-title elementor-size-default\">\u0110i\u1ec1u kho\u1ea3n v\u00e0 \u0111i\u1ec1u ki\u1ec7n c\u1ee7a trang web<\/h1>\t\t\t\t<\/div>\n\t\t\t\t<\/div>\n\t\t\t\t<div class=\"elementor-element elementor-element-28b59da elementor-align-center elementor-widget elementor-widget-breadcrumbs\" data-id=\"28b59da\" data-element_type=\"widget\" data-e-type=\"widget\" data-widget_type=\"breadcrumbs.default\">\n\t\t\t\t<div class=\"elementor-widget-container\">\n\t\t\t\t\t<nav><span class=\"last\">Trang ch\u1ee7<\/span><\/nav>\t\t\t\t<\/div>\n\t\t\t\t<\/div>\n\t\t\t\t\t<\/div>\n\t\t\t\t<\/div>\n\t\t<div class=\"elementor-element elementor-element-290ab4f e-flex e-con-boxed e-con e-parent\" data-id=\"290ab4f\" data-element_type=\"container\" data-e-type=\"container\">\n\t\t\t\t\t<div class=\"e-con-inner\">\n\t\t\t\t<div class=\"elementor-element elementor-element-cb1a7f9 elementor-widget elementor-widget-text-editor\" data-id=\"cb1a7f9\" data-element_type=\"widget\" data-e-type=\"widget\" data-widget_type=\"text-editor.default\">\n\t\t\t\t<div class=\"elementor-widget-container\">\n\t\t\t\t\t\t\t\t\t<p>\u0111i\u1ec1u kho\u1ea3n v\u00e0 \u0111i\u1ec1u ki\u1ec7n cho trang web n\u00e0y, c\u00e1c t\u1eeb nh\u01b0 \u201cch\u00fang t\u00f4i\", \u201cc\u1ee7a ch\u00fang t\u00f4i\", \u201cLidercare\", \u201cXiangxiangdaily\", \u201cXiangxiangdaily Group\", v.v. \u0111\u01b0\u1ee3c s\u1eed d\u1ee5ng \u0111\u1ec3 ch\u1ec9 Xiangxiangdaily Switzerland Ltd. v\u00e0 c\u00e1c c\u00f4ng ty con c\u1ee7a c\u00f4ng ty n\u00e0y. Vi\u1ec7c tham chi\u1ebfu \u0111\u1ebfn \u201ctrang web n\u00e0y\" trong t\u00e0i li\u1ec7u n\u00e0y \u0111\u1ec1 c\u1eadp \u0111\u1ebfn b\u1ea5t k\u1ef3 c\u00e1 nh\u00e2n n\u00e0o <a class=\"link-whisper\" title=\"Li\u00ean h\u1ec7\" href=\"https:\/\/www.xiangxiangdaily.com\/vi\/lien-he\/\" target=\"_blank\" rel=\"noopener\" data-wpil-monitor-id=\"536\">li\u00ean h\u1ec7<\/a> v\u00e0\/ho\u1eb7c s\u1eed d\u1ee5ng trang web n\u00e0y. <\/p><p>Trong to\u00e0n b\u1ed9 trang web n\u00e0y, c\u00e1c t\u1eeb nh\u01b0 \u201cch\u00fang t\u00f4i\", \u201cc\u1ee7a ch\u00fang t\u00f4i\", \u201cLidercare\", \u201cXiangxiangdaily\", \u201cXiangxiangdaily Group\", v.v. \u0111\u01b0\u1ee3c s\u1eed d\u1ee5ng \u0111\u1ec3 ch\u1ec9 Xiangxiangdaily Switzerland Ltd. v\u00e0 c\u00e1c c\u00f4ng ty con c\u1ee7a c\u00f4ng ty n\u00e0y. Vi\u1ec7c tham chi\u1ebfu \u0111\u1ebfn \u201ctrang web n\u00e0y\" trong t\u00e0i li\u1ec7u n\u00e0y \u0111\u1ec1 c\u1eadp \u0111\u1ebfn b\u1ea5t k\u1ef3 c\u00e1 nh\u00e2n n\u00e0o li\u00ean h\u1ec7 v\u00e0\/ho\u1eb7c s\u1eed d\u1ee5ng trang web n\u00e0y. <\/p><p>Trong to\u00e0n b\u1ed9 trang web n\u00e0y, c\u00e1c t\u1eeb nh\u01b0 \u201cch\u00fang t\u00f4i\", \u201cc\u1ee7a ch\u00fang t\u00f4i\", \" <span style=\"text-decoration: underline; color: #333333;\"><a style=\"color: #333333; text-decoration: underline;\" href=\"http:\/\/www.lidercare.com\" target=\"_blank\" rel=\"noopener\">Lidercare<\/a><\/span> \u201c, \u201cXiangxiangdaily\", \u201cT\u1eadp \u0111o\u00e0n Xiangxiangdaily\", v.v. \u0111\u01b0\u1ee3c s\u1eed d\u1ee5ng \u0111\u1ec3 ch\u1ec9 Xiangxiangdaily Switzerland Ltd. v\u00e0 c\u00e1c c\u00f4ng ty con c\u1ee7a c\u00f4ng ty n\u00e0y. Vi\u1ec7c tham chi\u1ebfu \u0111\u1ebfn \u201ctrang web n\u00e0y\" trong t\u00e0i li\u1ec7u n\u00e0y \u0111\u1ec1 c\u1eadp \u0111\u1ebfn b\u1ea5t k\u1ef3 c\u00e1 nh\u00e2n n\u00e0o li\u00ean h\u1ec7 v\u00e0\/ho\u1eb7c s\u1eed d\u1ee5ng trang web n\u00e0y.<\/p><h2>Th\u00f4ng b\u00e1o b\u1ea3o m\u1eadt trang web<\/h2><p>B\u1ea5t k\u1ef3 th\u00f4ng tin c\u00e1 nh\u00e2n ho\u1eb7c th\u00f4ng tin n\u00e0o \u0111\u01b0\u1ee3c truy\u1ec1n t\u1edbi trang web n\u00e0y \u0111\u1ec1u ph\u1ea3i tu\u00e2n theo <span style=\"text-decoration: underline; color: #333333;\"><a style=\"color: #333333; text-decoration: underline;\" href=\"https:\/\/www.xiangxiangdaily.com\/vi\/privacy-policy\/\">ch\u00ednh s\u00e1ch b\u1ea3o m\u1eadt<\/a><\/span> c\u1ee7a T\u1eadp \u0111o\u00e0n Xiangxiang v\u00e0 vi\u1ec7c b\u1ea3o v\u1ec7 quy\u1ec1n ri\u00eang t\u01b0 v\u00e0 d\u1eef li\u1ec7u c\u00e1 nh\u00e2n nh\u01b0 \u0111\u00e3 n\u00eau tr\u00ean trang web n\u00e0y.<\/p><h2>T\u00ednh ch\u00ednh x\u00e1c, \u0111\u1ea7y \u0111\u1ee7 v\u00e0 k\u1ecbp th\u1eddi c\u1ee7a th\u00f4ng tin<\/h2><p>T\u00ednh ch\u00ednh x\u00e1c v\u00e0 \u0111\u1ea7y \u0111\u1ee7 c\u1ee7a th\u00f4ng tin \u0111\u01b0\u1ee3c tr\u00ecnh b\u00e0y tr\u00ean trang web n\u00e0y kh\u00f4ng ph\u1ea3i l\u00e0 tr\u00e1ch nhi\u1ec7m c\u1ee7a ch\u00fang t\u00f4i. B\u1ea5t k\u1ef3 s\u1ef1 tin c\u1eady n\u00e0o v\u00e0o c\u00e1c t\u00e0i li\u1ec7u c\u00f3 tr\u00ean trang web n\u00e0y \u0111\u1ec1u do b\u1ea1n t\u1ef1 ch\u1ecbu r\u1ee7i ro. B\u1ea1n \u0111\u1ed3ng \u00fd ch\u1ecbu tr\u00e1ch nhi\u1ec7m v\u1ec1 b\u1ea5t k\u1ef3 s\u1eeda \u0111\u1ed5i ho\u1eb7c c\u1eadp nh\u1eadt n\u00e0o \u0111\u01b0\u1ee3c th\u1ef1c hi\u1ec7n \u0111\u1ed1i v\u1edbi th\u00f4ng tin v\u00e0 t\u00e0i li\u1ec7u c\u00f3 tr\u00ean trang web n\u00e0y.  <\/p><h2>Qu\u00e1 tr\u00ecnh l\u00e2y truy\u1ec1n<\/h2><p>B\u1ea5t k\u1ef3 th\u00f4ng tin li\u00ean l\u1ea1c ho\u1eb7c t\u00e0i li\u1ec7u phi c\u00e1 nh\u00e2n n\u00e0o \u0111\u01b0\u1ee3c truy\u1ec1n \u0111\u1ebfn Trang web, bao g\u1ed3m nh\u01b0ng kh\u00f4ng gi\u1edbi h\u1ea1n \u1edf c\u00e1c t\u00e0i li\u1ec7u, c\u00e2u h\u1ecfi, b\u00ecnh lu\u1eadn, \u0111\u1ec1 xu\u1ea5t ho\u1eb7c n\u1ed9i dung t\u01b0\u01a1ng t\u1ef1, \u0111\u1ec1u \u0111\u01b0\u1ee3c coi l\u00e0 kh\u00f4ng b\u1ea3o m\u1eadt v\u00e0 kh\u00f4ng ri\u00eang t\u01b0. B\u1ea5t k\u1ef3 n\u1ed9i dung n\u00e0o \u0111\u01b0\u1ee3c b\u1ea1n truy\u1ec1n ho\u1eb7c \u0111\u0103ng l\u00ean Trang web \u0111\u1ec1u l\u00e0 t\u00e0i s\u1ea3n c\u1ee7a Lidercare Group v\u00e0 c\u00f3 th\u1ec3 \u0111\u01b0\u1ee3c s\u1eed d\u1ee5ng cho b\u1ea5t k\u1ef3 m\u1ee5c \u0111\u00edch n\u00e0o, bao g\u1ed3m nh\u01b0ng kh\u00f4ng gi\u1edbi h\u1ea1n \u1edf vi\u1ec7c sao ch\u00e9p, ti\u1ebft l\u1ed9, truy\u1ec1n t\u1ea3i, ph\u00e2n ph\u1ed1i, ph\u00e1t s\u00f3ng v\u00e0 \u0111\u0103ng t\u1ea3i. H\u01a1n n\u1eefa, b\u1ea5t k\u1ef3 \u00fd t\u01b0\u1edfng, t\u00e1c ph\u1ea9m ngh\u1ec7 thu\u1eadt, ngu\u1ed3n c\u1ea3m h\u1ee9ng, \u0111\u1ec1 xu\u1ea5t ho\u1eb7c kh\u00e1i ni\u1ec7m n\u00e0o \u0111\u01b0\u1ee3c b\u1ea1n truy\u1ec1n \u0111\u1ebfn trang web n\u00e0y \u0111\u1ec1u c\u00f3 th\u1ec3 \u0111\u01b0\u1ee3c Xiangxiang Group s\u1eed d\u1ee5ng cho nhi\u1ec1u m\u1ee5c \u0111\u00edch kh\u00e1c nhau nh\u01b0 ph\u00e1t tri\u1ec3n s\u1ea3n ph\u1ea9m, s\u1ea3n xu\u1ea5t, qu\u1ea3ng b\u00e1 v\u00e0 ti\u1ebfp th\u1ecb.  <\/p><p>Xiangxiang Group s\u1ebd kh\u00f4ng ch\u1ecbu tr\u00e1ch nhi\u1ec7m cung c\u1ea5p th\u00f4ng tin li\u00ean quan \u0111\u1ebfn c\u00e1c m\u1ee5c \u0111\u00edch s\u1eed d\u1ee5ng n\u00eau tr\u00ean. B\u1eb1ng c\u00e1ch cung c\u1ea5p th\u00f4ng tin, b\u1ea1n b\u1ea3o \u0111\u1ea3m r\u1eb1ng th\u00f4ng tin b\u1ea1n cung c\u1ea5p l\u00e0 c\u1ee7a b\u1ea1n v\u00e0 s\u1ebd kh\u00f4ng vi ph\u1ea1m b\u1ea5t k\u1ef3 quy\u1ec1n n\u00e0o c\u1ee7a b\u00ean th\u1ee9 ba ho\u1eb7c vi ph\u1ea1m b\u1ea5t k\u1ef3 lu\u1eadt hi\u1ec7n h\u00e0nh n\u00e0o th\u00f4ng qua vi\u1ec7c Lidercare Group s\u1eed d\u1ee5ng th\u00f4ng tin. Ngo\u00e0i ra, Xiangxiang Group kh\u00f4ng c\u00f3 ngh\u0129a v\u1ee5 ph\u1ea3i s\u1eed d\u1ee5ng th\u00f4ng tin \u0111\u00e3 g\u1eedi.  <\/p><h2>Quy\u1ec1n s\u1edf h\u1eefu tr\u00ed tu\u1ec7<\/h2><p>XiangxiangDaily Products Ltd. c\u1ee7a Th\u1ee5y S\u0129 l\u00e0 ch\u1ee7 s\u1edf h\u1eefu nh\u00e3n hi\u1ec7u \u0111\u00e3 \u0111\u0103ng k\u00fd. M\u1ecdi b\u1ea3n quy\u1ec1n, nh\u00e3n hi\u1ec7u v\u00e0 c\u00e1c quy\u1ec1n s\u1edf h\u1eefu tr\u00ed tu\u1ec7 kh\u00e1c c\u1ee7a v\u0103n b\u1ea3n, h\u00ecnh \u1ea3nh v\u00e0 c\u00e1c t\u00e0i li\u1ec7u kh\u00e1c tr\u00ean trang web n\u00e0y \u0111\u1ec1u thu\u1ed9c v\u1ec1 XiangxiangDaily Group ho\u1eb7c \u0111\u01b0\u1ee3c c\u1ea5p ph\u00e9p b\u1edfi ch\u1ee7 s\u1edf h\u1eefu c\u00f3 li\u00ean quan. <\/p><p>B\u1ea1n \u0111\u01b0\u1ee3c ph\u00e9p truy c\u1eadp trang web n\u00e0y, sao ch\u00e9p c\u00e1c \u0111o\u1ea1n tr\u00edch (tham kh\u1ea3o), in ch\u00fang v\u00e0o \u1ed5 c\u1ee9ng c\u1ee7a b\u1ea1n ho\u1eb7c chuy\u1ec3n ti\u1ebfp ch\u00fang cho ng\u01b0\u1eddi kh\u00e1c. Tuy nhi\u00ean, b\u1ea1n ph\u1ea3i gi\u1eef l\u1ea1i t\u1ea5t c\u1ea3 c\u00e1c b\u1ea3n quy\u1ec1n, th\u00f4ng b\u00e1o \u0111\u1ed9c quy\u1ec1n kh\u00e1c v\u00e0 th\u00f4ng b\u00e1o nh\u00e3n hi\u1ec7u xu\u1ea5t hi\u1ec7n tr\u00ean b\u1ea3n sao. Vi\u1ec7c sao ch\u00e9p b\u1ea5t k\u1ef3 ph\u1ea7n n\u00e0o c\u1ee7a trang web kh\u00f4ng \u0111\u01b0\u1ee3c b\u00e1n ho\u1eb7c ph\u00e2n ph\u1ed1i th\u01b0\u01a1ng m\u1ea1i, c\u0169ng kh\u00f4ng \u0111\u01b0\u1ee3c s\u1eeda \u0111\u1ed5i ho\u1eb7c th\u00eam v\u00e0o c\u00e1c t\u00e1c ph\u1ea9m, \u1ea5n ph\u1ea9m ho\u1eb7c trang web kh\u00e1c.  <\/p><p>C\u00e1c nh\u00e3n hi\u1ec7u, logo, ki\u1ec3u ch\u1eef v\u00e0 nh\u00e3n hi\u1ec7u d\u1ecbch v\u1ee5 (g\u1ecdi chung l\u00e0 \u201cnh\u00e3n hi\u1ec7u\u201d) xu\u1ea5t hi\u1ec7n tr\u00ean trang web n\u00e0y thu\u1ed9c s\u1edf h\u1eefu c\u1ee7a XiangxiangDaily Group. Nghi\u00eam c\u1ea5m s\u1eed d\u1ee5ng b\u1ea5t k\u1ef3 nh\u00e3n hi\u1ec7u n\u00e0o xu\u1ea5t hi\u1ec7n tr\u00ean trang web n\u00e0y ho\u1eb7c b\u1ea5t k\u1ef3 n\u1ed9i dung n\u00e0o kh\u00e1c tr\u00ean trang web n\u00e0y, ngo\u1ea1i tr\u1eeb khi \u0111\u01b0\u1ee3c quy \u0111\u1ecbnh trong c\u00e1c \u0110i\u1ec1u kho\u1ea3n v\u00e0 \u0110i\u1ec1u ki\u1ec7n n\u00e0y. B\u1ea1n c\u0169ng n\u00ean l\u01b0u \u00fd r\u1eb1ng XiangxiangDaily Group s\u1ebd th\u1ef1c thi \u0111\u1ea7y \u0111\u1ee7 c\u00e1c quy\u1ec1n s\u1edf h\u1eefu tr\u00ed tu\u1ec7 c\u1ee7a m\u00ecnh \u1edf m\u1ee9c t\u1ed1i \u0111a \u0111\u01b0\u1ee3c ph\u00e1p lu\u1eadt cho ph\u00e9p.  <\/p><h2>Li\u00ean k\u1ebft \u0111\u1ebfn c\u00e1c trang web kh\u00e1c<\/h2><p>Trang web c\u1ee7a XiangxiangDaily Group c\u00f3 th\u1ec3 ch\u1ee9a c\u00e1c li\u00ean k\u1ebft \u0111\u1ebfn c\u00e1c m\u1ea1ng v\u00e0 h\u1ec7 th\u1ed1ng b\u00ean ngo\u00e0i kh\u00f4ng n\u1eb1m trong quy\u1ec1n ki\u1ec3m so\u00e1t c\u1ee7a XiangxiangDaily. Ch\u00fang t\u00f4i kh\u00f4ng \u0111\u1ea3m b\u1ea3o t\u00ednh ch\u00ednh x\u00e1c, ch\u1ee9c n\u0103ng ho\u1eb7c n\u1ed9i dung c\u1ee7a b\u1ea5t k\u1ef3 trang web b\u00ean ngo\u00e0i n\u00e0o \u0111\u01b0\u1ee3c li\u00ean k\u1ebft t\u1eeb trang web c\u1ee7a ch\u00fang t\u00f4i. C\u00e1c li\u00ean k\u1ebft \u0111\u01b0\u1ee3c cung c\u1ea5p \u0111\u01b0\u1ee3c cung c\u1ea5p m\u1ed9t c\u00e1ch thi\u1ec7n ch\u00ed v\u00e0 XiangxiangDaily Group kh\u00f4ng ch\u1ecbu tr\u00e1ch nhi\u1ec7m cho b\u1ea5t k\u1ef3 thay \u0111\u1ed5i n\u00e0o sau \u0111\u00f3 \u0111\u01b0\u1ee3c th\u1ef1c hi\u1ec7n \u0111\u1ed1i v\u1edbi trang web \u0111\u01b0\u1ee3c li\u00ean k\u1ebft. Vi\u1ec7c li\u00ean k\u1ebft \u0111\u1ebfn c\u00e1c trang web kh\u00e1c kh\u00f4ng c\u00f3 ngh\u0129a l\u00e0 XiangxiangDaily Group x\u00e1c nh\u1eadn ho\u1eb7c c\u00f4ng nh\u1eadn. Ch\u00fang t\u00f4i \u0111\u1eb7c bi\u1ec7t khuy\u00ean b\u1ea1n n\u00ean xem x\u00e9t k\u1ef9 l\u01b0\u1ee1ng c\u00e1c th\u00f4ng b\u00e1o v\u1ec1 ph\u00e1p l\u00fd v\u00e0 quy\u1ec1n ri\u00eang t\u01b0 c\u1ee7a b\u1ea5t k\u1ef3 trang web b\u00ean ngo\u00e0i n\u00e0o m\u00e0 b\u1ea1n truy c\u1eadp.    <\/p><p>Khi truy c\u1eadp v\u00e0 s\u1eed d\u1ee5ng trang web n\u00e0y, b\u1ea1n ph\u1ea3i t\u1ef1 ch\u1ecbu r\u1ee7i ro.<\/p><h2>B\u1ea3o \u0111\u1ea3m<\/h2><p>Trang web n\u00e0y \u0111\u01b0\u1ee3c cung c\u1ea5p cho b\u1ea1n tr\u00ean c\u01a1 s\u1edf \u201cnguy\u00ean tr\u1ea1ng\" v\u00e0 \u201ckhi c\u00f3 s\u1eb5n\", v\u00e0 XiangxiangDaily kh\u00f4ng \u0111\u01b0a ra b\u1ea5t k\u1ef3 b\u1ea3o \u0111\u1ea3m n\u00e0o, d\u00f9 l\u00e0 r\u00f5 r\u00e0ng, ng\u1ee5 \u00fd, theo lu\u1eadt \u0111\u1ecbnh hay c\u00e1ch kh\u00e1c (bao g\u1ed3m b\u1ea3o \u0111\u1ea3m ng\u1ee5 \u00fd v\u1ec1 kh\u1ea3 n\u0103ng b\u00e1n \u0111\u01b0\u1ee3c, ch\u1ea5t l\u01b0\u1ee3ng th\u1ecfa \u0111\u00e1ng, ph\u00f9 h\u1ee3p v\u1edbi m\u1ee5c \u0111\u00edch c\u1ee5 th\u1ec3), bao g\u1ed3m b\u1ea3o \u0111\u1ea3m ho\u1eb7c tuy\u00ean b\u1ed1 r\u1eb1ng th\u00f4ng tin tr\u00ean trang web s\u1ebd \u0111\u1ea7y \u0111\u1ee7, ch\u00ednh x\u00e1c, \u0111\u00e1ng tin c\u1eady, k\u1ecbp th\u1eddi, kh\u00f4ng vi ph\u1ea1m quy\u1ec1n c\u1ee7a b\u00ean th\u1ee9 ba, r\u1eb1ng vi\u1ec7c truy c\u1eadp v\u00e0o trang web n\u00e0y s\u1ebd kh\u00f4ng b\u1ecb gi\u00e1n \u0111o\u1ea1n ho\u1eb7c s\u1ebd kh\u00f4ng c\u00f3 l\u1ed7i ho\u1eb7c vi-r\u00fat tr\u00ean trang web. XiangxiangDaily c\u0169ng kh\u00f4ng \u0111\u1ea3m b\u1ea3o r\u1eb1ng trang web n\u00e0y s\u1ebd an to\u00e0n ho\u1eb7c b\u1ea5t k\u1ef3 l\u1eddi khuy\u00ean ho\u1eb7c th\u00f4ng tin n\u00e0o thu \u0111\u01b0\u1ee3c t\u1eeb trang web l\u00e0 ch\u00ednh x\u00e1c ho\u1eb7c \u0111\u00e1ng tin c\u1eady. M\u1ecdi b\u1ea3o \u0111\u1ea3m ho\u1eb7c tuy\u00ean b\u1ed1 \u0111\u1ec1u \u0111\u01b0\u1ee3c t\u1eeb ch\u1ed1i r\u00f5 r\u00e0ng.  <\/p><p>Xin l\u01b0u \u00fd r\u1eb1ng m\u1ed9t s\u1ed1 khu v\u1ef1c ph\u00e1p l\u00fd c\u00f3 th\u1ec3 kh\u00f4ng cho ph\u00e9p lo\u1ea1i tr\u1eeb c\u00e1c b\u1ea3o h\u00e0nh ng\u1ee5 \u00fd, do \u0111\u00f3 m\u1ed9t s\u1ed1 lo\u1ea1i tr\u1eeb n\u00e0y c\u00f3 th\u1ec3 kh\u00f4ng \u00e1p d\u1ee5ng cho b\u1ea1n. Vui l\u00f2ng ki\u1ec3m tra lu\u1eadt ph\u00e1p \u0111\u1ecba ph\u01b0\u01a1ng c\u1ee7a b\u1ea1n. <\/p><p>Ch\u00fang t\u00f4i c\u00f3 quy\u1ec1n h\u1ea1n ch\u1ebf, \u0111\u00ecnh ch\u1ec9 ho\u1eb7c ch\u1ea5m d\u1ee9t quy\u1ec1n truy c\u1eadp c\u1ee7a b\u1ea1n v\u00e0o trang web n\u00e0y ho\u1eb7c b\u1ea5t k\u1ef3 t\u00ednh n\u0103ng n\u00e0o c\u1ee7a trang web n\u00e0y b\u1ea5t k\u1ef3 l\u00fac n\u00e0o m\u00e0 kh\u00f4ng c\u1ea7n th\u00f4ng b\u00e1o.<\/p><h2>Tr\u00e1ch nhi\u1ec7m ph\u00e1p l\u00fd<\/h2><p>B\u1ea5t k\u1ec3 l\u00fd do l\u00e0 g\u00ec v\u00e0 cho d\u00f9 \u0111\u00f3 l\u00e0 do b\u1ea1n s\u1eed d\u1ee5ng, kh\u00f4ng s\u1eed d\u1ee5ng ho\u1eb7c thay \u0111\u1ed5i \u0111\u01b0\u1ee3c th\u1ef1c hi\u1ec7n tr\u00ean trang web n\u00e0y, ho\u1eb7c truy c\u1eadp v\u00e0o c\u00e1c trang web kh\u00e1c th\u00f4ng qua c\u00e1c li\u00ean k\u1ebft \u0111\u01b0\u1ee3c cung c\u1ea5p tr\u00ean trang web n\u00e0y, ho\u1eb7c b\u1ea5t k\u1ef3 h\u00e0nh \u0111\u1ed9ng n\u00e0o \u0111\u01b0\u1ee3c ch\u00fang t\u00f4i th\u1ef1c hi\u1ec7n ho\u1eb7c kh\u00f4ng th\u1ef1c hi\u1ec7n \u0111\u1ec3 tr\u1ea3 l\u1eddi c\u00e1c email \u0111\u01b0\u1ee3c g\u1eedi cho ch\u00fang t\u00f4i, Lidercare Group v\u00e0\/ho\u1eb7c c\u00e1c b\u00ean kh\u00e1c tham gia v\u00e0o vi\u1ec7c t\u1ea1o ra, s\u1ea3n xu\u1ea5t ho\u1eb7c \u0111\u1ea1i di\u1ec7n cho trang web n\u00e0y s\u1ebd kh\u00f4ng ch\u1ecbu tr\u00e1ch nhi\u1ec7m \u0111\u1ed1i v\u1edbi b\u1ea5t k\u1ef3 thi\u1ec7t h\u1ea1i, chi ph\u00ed, m\u1ea5t m\u00e1t ho\u1eb7c tr\u00e1ch nhi\u1ec7m ph\u00e1p l\u00fd tr\u1ef1c ti\u1ebfp, ng\u1eabu nhi\u00ean, do h\u1eadu qu\u1ea3, gi\u00e1n ti\u1ebfp, \u0111\u1eb7c bi\u1ec7t ho\u1eb7c tr\u1eebng ph\u1ea1t n\u00e0o, theo lu\u1eadt hi\u1ec7n h\u00e0nh cho ph\u00e9p.<\/p><p>Lidercare Group v\u00e0\/ho\u1eb7c nh\u1eefng ng\u01b0\u1eddi kh\u00e1c tham gia v\u00e0o vi\u1ec7c t\u1ea1o ra, s\u1ea3n xu\u1ea5t ho\u1eb7c truy\u1ec1n t\u1ea3i trang web n\u00e0y s\u1ebd kh\u00f4ng ch\u1ecbu tr\u00e1ch nhi\u1ec7m v\u1ec1 vi\u1ec7c b\u1ea3o tr\u00ec v\u00e0 b\u1ea3o d\u01b0\u1ee1ng trang web n\u00e0y ho\u1eb7c b\u1ea5t k\u1ef3 s\u1eeda \u0111\u1ed5i, c\u1eadp nh\u1eadt ho\u1eb7c \u0111\u0103ng b\u00e0i n\u00e0o li\u00ean quan \u0111\u1ebfn trang web n\u00e0y. B\u1ea5t k\u1ef3 t\u00e0i li\u1ec7u n\u00e0o tr\u00ean trang web n\u00e0y \u0111\u1ec1u c\u00f3 th\u1ec3 thay \u0111\u1ed5i m\u00e0 kh\u00f4ng c\u1ea7n th\u00f4ng b\u00e1o. <\/p><p>H\u01a1n n\u1eefa, Lidercare Group s\u1ebd kh\u00f4ng ch\u1ecbu tr\u00e1ch nhi\u1ec7m ho\u1eb7c ngh\u0129a v\u1ee5 \u0111\u1ed1i v\u1edbi b\u1ea5t k\u1ef3 thi\u1ec7t h\u1ea1i n\u00e0o c\u00f3 th\u1ec3 d\u1eabn \u0111\u1ebfn vi\u1ec7c thi\u1ebft b\u1ecb m\u00e1y t\u00ednh ho\u1eb7c t\u00e0i s\u1ea3n kh\u00e1c c\u1ee7a b\u1ea1n b\u1ecb nhi\u1ec5m vi-r\u00fat do b\u1ea1n s\u1eed d\u1ee5ng, truy c\u1eadp ho\u1eb7c t\u1ea3i xu\u1ed1ng b\u1ea5t k\u1ef3 t\u00e0i li\u1ec7u n\u00e0o tr\u00ean trang web n\u00e0y. N\u1ebfu b\u1ea1n ch\u1ecdn t\u1ea3i xu\u1ed1ng t\u00e0i li\u1ec7u t\u1eeb trang web n\u00e0y, b\u1ea1n t\u1ef1 ch\u1ecbu r\u1ee7i ro. <\/p><p>Xin l\u01b0u \u00fd r\u1eb1ng m\u1ed9t s\u1ed1 khu v\u1ef1c ph\u00e1p l\u00fd kh\u00f4ng cho ph\u00e9p lo\u1ea1i tr\u1eeb ho\u1eb7c gi\u1edbi h\u1ea1n tr\u00e1ch nhi\u1ec7m \u0111\u1ed1i v\u1edbi thi\u1ec7t h\u1ea1i ng\u1eabu nhi\u00ean ho\u1eb7c do h\u1eadu qu\u1ea3, do \u0111\u00f3 m\u1ed9t s\u1ed1 lo\u1ea1i tr\u1eeb ho\u1eb7c gi\u1edbi h\u1ea1n c\u00f3 th\u1ec3 kh\u00f4ng \u00e1p d\u1ee5ng cho b\u1ea1n. Vui l\u00f2ng ki\u1ec3m tra lu\u1eadt ph\u00e1p \u0111\u1ecba ph\u01b0\u01a1ng c\u1ee7a b\u1ea1n. <\/p><h2>Ho\u1ea1t \u0111\u1ed9ng b\u1ecb c\u1ea5m<\/h2><p>B\u1ea1n kh\u00f4ng \u0111\u01b0\u1ee3c ph\u00e9p tham gia v\u00e0o b\u1ea5t k\u1ef3 ho\u1ea1t \u0111\u1ed9ng n\u00e0o m\u00e0 Lidercare Group cho l\u00e0 kh\u00f4ng ph\u00f9 h\u1ee3p, b\u1ea5t h\u1ee3p ph\u00e1p ho\u1eb7c b\u1ecb lu\u1eadt hi\u1ec7n h\u00e0nh c\u1ea5m, bao g\u1ed3m nh\u01b0ng kh\u00f4ng gi\u1edbi h\u1ea1n \u1edf:<\/p><ul><li>Vi ph\u1ea1m quy\u1ec1n ri\u00eang t\u01b0 ho\u1eb7c quy\u1ec1n h\u1ee3p ph\u00e1p c\u1ee7a b\u1ea5t k\u1ef3 c\u00e1 nh\u00e2n n\u00e0o, ch\u1eb3ng h\u1ea1n nh\u01b0 t\u1ea3i l\u00ean d\u1eef li\u1ec7u c\u00e1 nh\u00e2n m\u00e0 kh\u00f4ng c\u00f3 s\u1ef1 \u0111\u1ed3ng \u00fd c\u1ee7a h\u1ecd.<\/li><li>S\u1eed d\u1ee5ng trang web n\u00e0y \u0111\u1ec3 ph\u1ec9 b\u00e1ng ho\u1eb7c l\u00e0m suy y\u1ebfu Lidercare Group, nh\u00e2n vi\u00ean c\u1ee7a c\u00f4ng ty ho\u1eb7c nh\u1eefng ng\u01b0\u1eddi kh\u00e1c theo c\u00e1ch g\u00e2y t\u1ed5n h\u1ea1i \u0111\u1ebfn danh ti\u1ebfng c\u1ee7a h\u1ecd.<\/li><li>T\u1ea3i l\u00ean t\u1ec7p c\u00f3 ch\u1ee9a vi-r\u00fat g\u00e2y h\u1ea1i cho t\u00e0i s\u1ea3n c\u1ee7a Lidercare ho\u1eb7c c\u1ee7a ng\u01b0\u1eddi kh\u00e1c.<\/li><li>\u0110\u0103ng ho\u1eb7c truy\u1ec1n t\u1ea3i t\u00e0i li\u1ec7u tr\u00e1i ph\u00e9p l\u00ean Trang web, bao g\u1ed3m nh\u01b0ng kh\u00f4ng gi\u1edbi h\u1ea1n \u1edf t\u00e0i li\u1ec7u li\u00ean quan \u0111\u1ebfn c\u00e1c m\u1ed1i \u0111e d\u1ecda h\u1ec7 th\u1ed1ng ho\u1eb7c an ninh m\u1ea1ng, ph\u00e2n bi\u1ec7t ch\u1ee7ng t\u1ed9c, khi\u00eau d\u00e2m ho\u1eb7c n\u1ed9i dung b\u1ea5t h\u1ee3p ph\u00e1p kh\u00e1c m\u00e0 ch\u00fang t\u00f4i tin r\u1eb1ng c\u00f3 th\u1ec3 g\u00e2y h\u1ea1i, b\u1ea5t l\u1ee3i ho\u1eb7c vi ph\u1ea1m Lidercare Group ho\u1eb7c c\u00e1c c\u00f4ng ty b\u00ean th\u1ee9 ba.<\/li><\/ul><p>B\u1ea1n v\u00e0 Lidercare \u0111\u1ed3ng \u00fd r\u1eb1ng m\u1ecdi tranh ch\u1ea5p ho\u1eb7c khi\u1ebfu n\u1ea1i ph\u00e1t sinh t\u1eeb vi\u1ec7c s\u1eed d\u1ee5ng trang web n\u00e0y s\u1ebd \u0111\u01b0\u1ee3c \u0111i\u1ec1u ch\u1ec9nh b\u1edfi lu\u1eadt ph\u00e1p c\u1ee7a \u0110\u1eb7c khu h\u00e0nh ch\u00ednh H\u1ed3ng K\u00f4ng v\u00e0 ch\u1ecbu s\u1ef1 qu\u1ea3n l\u00fd \u0111\u1ed9c quy\u1ec1n c\u1ee7a t\u00f2a \u00e1n \u0110\u1eb7c khu h\u00e0nh ch\u00ednh H\u1ed3ng K\u00f4ng.<\/p><h2>S\u1eed d\u1ee5ng trang web<\/h2><ul><li>Trang web n\u00e0y ch\u1ec9 d\u00e0nh cho m\u1ee5c \u0111\u00edch s\u1eed d\u1ee5ng c\u00e1 nh\u00e2n c\u1ee7a b\u1ea1n v\u00e0 b\u1ea1n kh\u00f4ng \u0111\u01b0\u1ee3c ph\u00e9p s\u1eed d\u1ee5ng cho m\u1ee5c \u0111\u00edch th\u01b0\u01a1ng m\u1ea1i ho\u1eb7c c\u1ea5p quy\u1ec1n \u0111\u00f3 cho ng\u01b0\u1eddi kh\u00e1c.<\/li><li>Ch\u00fang t\u00f4i c\u00f3 quy\u1ec1n \u0111\u01a1n ph\u01b0\u01a1ng xem x\u00e9t, ch\u1ec9nh s\u1eeda, di chuy\u1ec3n ho\u1eb7c x\u00f3a b\u1ea5t k\u1ef3 t\u00e0i li\u1ec7u n\u00e0o \u0111\u01b0\u1ee3c hi\u1ec3n th\u1ecb ho\u1eb7c \u0111\u0103ng tr\u00ean Trang web ho\u1eb7c b\u1ea3ng tin m\u00e0 kh\u00f4ng c\u1ea7n th\u00f4ng b\u00e1o, theo quy\u1ebft \u0111\u1ecbnh ri\u00eang c\u1ee7a ch\u00fang t\u00f4i.<\/li><li>B\u1ea1n kh\u00f4ng \u0111\u01b0\u1ee3c ph\u00e9p s\u1eeda \u0111\u1ed5i, sao ch\u00e9p, thi\u1ebft l\u1eadp l\u1ea1i, in l\u1ea1i, t\u1ea3i l\u00ean, \u0111\u0103ng, truy\u1ec1n t\u1ea3i ho\u1eb7c ph\u00e2n ph\u1ed1i b\u1ea5t k\u1ef3 T\u00e0i li\u1ec7u n\u00e0o, bao g\u1ed3m m\u00e3 v\u00e0 ph\u1ea7n m\u1ec1m tr\u00ean Trang web, theo b\u1ea5t k\u1ef3 c\u00e1ch n\u00e0o.<\/li><li>B\u1ea1n \u0111\u1ed3ng \u00fd kh\u00f4ng s\u1eed d\u1ee5ng trang web n\u00e0y \u0111\u1ec3 \u0111\u0103ng b\u1ea5t k\u1ef3 t\u00e0i li\u1ec7u khi\u00eau d\u00e2m, ph\u1ec9 b\u00e1ng, k\u00edch \u0111\u1ed9ng, qu\u1ea5y r\u1ed1i, ph\u00e2n bi\u1ec7t ch\u1ee7ng t\u1ed9c ho\u1eb7c th\u00f9 h\u1eadn n\u00e0o v\u00e0 ch\u1ec9 s\u1eed d\u1ee5ng theo \u0111\u00fang lu\u1eadt ph\u00e1p.<\/li><li>B\u1ea1n c\u00f3 tr\u00e1ch nhi\u1ec7m \u0111\u1ea3m b\u1ea3o r\u1eb1ng b\u1ea5t k\u1ef3 t\u00e0i li\u1ec7u n\u00e0o b\u1ea1n cung c\u1ea5p tr\u00ean Trang web ho\u1eb7c \u0111\u0103ng tr\u00ean B\u1ea3ng tin ho\u1eb7c Di\u1ec5n \u0111\u00e0n, ho\u1eb7c \u1edf n\u01a1i kh\u00e1c, kh\u00f4ng vi ph\u1ea1m b\u1ea5t k\u1ef3 b\u1ea3n quy\u1ec1n, nh\u00e3n hi\u1ec7u ho\u1eb7c quy\u1ec1n \u0111\u1ed9c quy\u1ec1n c\u00e1 nh\u00e2n ho\u1eb7c c\u1ee7a b\u00ean th\u1ee9 ba n\u00e0o.<\/li><li>B\u1ea1n \u0111\u1ed3ng \u00fd kh\u00f4ng l\u00e0m h\u1ecfng, che ph\u1ee7, t\u1ea5n c\u00f4ng, s\u1eeda \u0111\u1ed5i ho\u1eb7c can thi\u1ec7p v\u00e0o Trang web v\u00e0 ph\u1ea7n m\u1ec1m, ph\u1ea7n c\u1ee9ng v\u00e0\/ho\u1eb7c m\u00e1y ch\u1ee7 li\u00ean quan theo b\u1ea5t k\u1ef3 c\u00e1ch n\u00e0o.<\/li><\/ul><p>Vi\u1ec7c kh\u00f4ng tu\u00e2n th\u1ee7 c\u00e1c \u0111i\u1ec1u kho\u1ea3n tr\u00ean c\u00f3 th\u1ec3 d\u1eabn \u0111\u1ebfn vi\u1ec7c quy\u1ec1n truy c\u1eadp c\u1ee7a b\u1ea1n v\u00e0o trang web n\u00e0y b\u1ecb \u0111\u00ecnh ch\u1ec9 ho\u1eb7c ch\u1ea5m d\u1ee9t, c\u00f3 ho\u1eb7c kh\u00f4ng c\u00f3 th\u00f4ng b\u00e1o t\u1ea1i c\u00e1c th\u1eddi \u0111i\u1ec3m kh\u00e1c nhau tr\u00ean trang web.<\/p><h2>B\u1ea3o m\u1eadt v\u00e0 th\u1ecfa thu\u1eadn b\u1ea3o m\u1eadt<\/h2><p>B\u1ea1n th\u1eeba nh\u1eadn v\u00e0 \u0111\u1ed3ng \u00fd r\u1eb1ng b\u1ea5t k\u1ef3 th\u00f4ng tin b\u00ed m\u1eadt n\u00e0o do Lidercare Group cung c\u1ea5p, cho d\u00f9 \u0111\u01b0\u1ee3c \u0111\u00e1nh d\u1ea5u nh\u01b0 v\u1eady hay kh\u00f4ng, bao g\u1ed3m nh\u01b0ng kh\u00f4ng gi\u1edbi h\u1ea1n \u1edf c\u00e1c t\u00e0i li\u1ec7u, quy tr\u00ecnh v\u00e0 k\u1ef9 thu\u1eadt \u0111\u1ed9c quy\u1ec1n li\u00ean quan \u0111\u1ebfn vi\u1ec7c xem x\u00e9t v\u00e0 th\u1eed nghi\u1ec7m kh\u00e1i ni\u1ec7m s\u1ea3n ph\u1ea9m ho\u1eb7c d\u1ecbch v\u1ee5 trong t\u01b0\u01a1ng lai trong c\u00e1c cu\u1ed9c kh\u1ea3o s\u00e1t ho\u1eb7c th\u1ea3o lu\u1eadn tr\u1ef1c tuy\u1ebfn ho\u1eb7c ngo\u1ea1i tuy\u1ebfn, s\u1ebd \u0111\u01b0\u1ee3c gi\u1eef b\u00ed m\u1eadt v\u00e0 kh\u00f4ng \u0111\u01b0\u1ee3c ti\u1ebft l\u1ed9, sao ch\u00e9p, s\u1eed d\u1ee5ng ho\u1eb7c cung c\u1ea5p tr\u1ef1c ti\u1ebfp ho\u1eb7c gi\u00e1n ti\u1ebfp cho b\u1ea5t k\u1ef3 b\u00ean th\u1ee9 ba n\u00e0o.<\/p>\t\t\t\t\t\t\t\t<\/div>\n\t\t\t\t<\/div>\n\t\t\t\t\t<\/div>\n\t\t\t\t<\/div>\n\t\t\t\t<\/div>\n\t\t","protected":false},"excerpt":{"rendered":"<p>\u0110i\u1ec1u kho\u1ea3n v\u00e0 \u0111i\u1ec1u ki\u1ec7n c\u1ee7a trang web Home \u0111i\u1ec1u kho\u1ea3n v\u00e0 \u0111i\u1ec1u ki\u1ec7n cho trang web n\u00e0y, c\u00e1c t\u1eeb nh\u01b0 \u201cch\u00fang t\u00f4i\", \u201cc\u1ee7a ch\u00fang t\u00f4i\", \u201cLidercare\", \u201cXiangxiangdaily\", \u201cXiangxiangdaily Group\", v.v. \u0111\u01b0\u1ee3c s\u1eed d\u1ee5ng \u0111\u1ec3 ch\u1ec9 Xiangxiangdaily Switzerland Ltd. v\u00e0 c\u00e1c c\u00f4ng ty con c\u1ee7a c\u00f4ng ty n\u00e0y. Vi\u1ec7c tham chi\u1ebfu \u0111\u1ebfn \u201ctrang web n\u00e0y\" [&hellip;]<\/p>\n","protected":false},"author":1,"featured_media":0,"parent":0,"menu_order":0,"comment_status":"closed","ping_status":"closed","template":"","meta":{"_acf_changed":false,"footnotes":""},"class_list":["post-62874","page","type-page","status-publish","hentry"],"acf":[],"_links":{"self":[{"href":"https:\/\/www.xiangxiangdaily.com\/vi\/wp-json\/wp\/v2\/pages\/62874","targetHints":{"allow":["GET"]}}],"collection":[{"href":"https:\/\/www.xiangxiangdaily.com\/vi\/wp-json\/wp\/v2\/pages"}],"about":[{"href":"https:\/\/www.xiangxiangdaily.com\/vi\/wp-json\/wp\/v2\/types\/page"}],"author":[{"embeddable":true,"href":"https:\/\/www.xiangxiangdaily.com\/vi\/wp-json\/wp\/v2\/users\/1"}],"replies":[{"embeddable":true,"href":"https:\/\/www.xiangxiangdaily.com\/vi\/wp-json\/wp\/v2\/comments?post=62874"}],"version-history":[{"count":0,"href":"https:\/\/www.xiangxiangdaily.com\/vi\/wp-json\/wp\/v2\/pages\/62874\/revisions"}],"wp:attachment":[{"href":"https:\/\/www.xiangxiangdaily.com\/vi\/wp-json\/wp\/v2\/media?parent=62874"}],"curies":[{"name":"wp","href":"https:\/\/api.w.org\/{rel}","templated":true}]}}